{"id":16990,"date":"2025-10-30T16:19:07","date_gmt":"2025-10-30T16:19:07","guid":{"rendered":"https:\/\/mtp-tours.com\/?page_id=16990"},"modified":"2026-03-06T11:15:15","modified_gmt":"2026-03-06T11:15:15","slug":"a-minha-conta","status":"publish","type":"page","link":"https:\/\/mtp-tours.com\/de\/a-minha-conta\/","title":{"rendered":"A minha conta"},"content":{"rendered":"<div class=\"woocommerce\"><\/div>","protected":false},"excerpt":{"rendered":"","protected":false},"author":1,"featured_media":0,"parent":0,"menu_order":0,"comment_status":"closed","ping_status":"closed","template":"","meta":{"footnotes":""},"class_list":["post-16990","page","type-page","status-publish","hentry","layout-1","product-add-to-cart-ajax"],"yoast_head":"<!-- This site is optimized with the Yoast SEO plugin v27.2 - https:\/\/yoast.com\/product\/yoast-seo-wordpress\/ -->\n<title>A minha conta - Meet the Portuguese<\/title>\n<meta name=\"robots\" content=\"noindex, nofollow\" \/>\n<meta property=\"og:locale\" content=\"de_DE\" \/>\n<meta property=\"og:type\" content=\"article\" \/>\n<meta property=\"og:title\" content=\"A minha conta - Meet the Portuguese\" \/>\n<meta property=\"og:url\" content=\"https:\/\/mtp-tours.com\/de\/a-minha-conta\/\" \/>\n<meta property=\"og:site_name\" content=\"Meet the Portuguese\" \/>\n<meta property=\"article:publisher\" content=\"https:\/\/www.facebook.com\/mtptours\/\" \/>\n<meta property=\"article:modified_time\" content=\"2026-03-06T11:15:15+00:00\" \/>\n<meta name=\"twitter:card\" content=\"summary_large_image\" \/>\n<meta name=\"twitter:label1\" content=\"Gesch\u00e4tzte Lesezeit\" \/>\n\t<meta name=\"twitter:data1\" content=\"1\u00a0Minute\" \/>\n<script type=\"application\/ld+json\" class=\"yoast-schema-graph\">{\"@context\":\"https:\/\/schema.org\",\"@graph\":[{\"@type\":\"WebPage\",\"@id\":\"https:\/\/mtp-tours.com\/a-minha-conta\/\",\"url\":\"https:\/\/mtp-tours.com\/a-minha-conta\/\",\"name\":\"A minha conta - Meet the Portuguese\",\"isPartOf\":{\"@id\":\"https:\/\/mtp-tours.com\/#website\"},\"datePublished\":\"2025-10-30T16:19:07+00:00\",\"dateModified\":\"2026-03-06T11:15:15+00:00\",\"breadcrumb\":{\"@id\":\"https:\/\/mtp-tours.com\/a-minha-conta\/#breadcrumb\"},\"inLanguage\":\"de\",\"potentialAction\":[{\"@type\":\"ReadAction\",\"target\":[\"https:\/\/mtp-tours.com\/a-minha-conta\/\"]}]},{\"@type\":\"BreadcrumbList\",\"@id\":\"https:\/\/mtp-tours.com\/a-minha-conta\/#breadcrumb\",\"itemListElement\":[{\"@type\":\"ListItem\",\"position\":1,\"name\":\"In\u00edcio\",\"item\":\"https:\/\/mtp-tours.com\/\"},{\"@type\":\"ListItem\",\"position\":2,\"name\":\"A minha conta\"}]},{\"@type\":\"WebSite\",\"@id\":\"https:\/\/mtp-tours.com\/#website\",\"url\":\"https:\/\/mtp-tours.com\/\",\"name\":\"Meet the Portuguese\",\"description\":\"Descubra o Portugal aut\u00eantico com guias locais. Tours privados em Lisboa, Sintra, Alentejo, Arr\u00e1bida e mais. Experi\u00eancias \u00fanicas de cultura e gastronomia.\",\"publisher\":{\"@id\":\"https:\/\/mtp-tours.com\/#organization\"},\"potentialAction\":[{\"@type\":\"SearchAction\",\"target\":{\"@type\":\"EntryPoint\",\"urlTemplate\":\"https:\/\/mtp-tours.com\/?s={search_term_string}\"},\"query-input\":{\"@type\":\"PropertyValueSpecification\",\"valueRequired\":true,\"valueName\":\"search_term_string\"}}],\"inLanguage\":\"de\"},{\"@type\":\"Organization\",\"@id\":\"https:\/\/mtp-tours.com\/#organization\",\"name\":\"Meet the Portuguese\",\"url\":\"https:\/\/mtp-tours.com\/\",\"logo\":{\"@type\":\"ImageObject\",\"inLanguage\":\"de\",\"@id\":\"https:\/\/mtp-tours.com\/#\/schema\/logo\/image\/\",\"url\":\"https:\/\/mtp-tours.com\/wp-content\/uploads\/2025\/11\/logo.png\",\"contentUrl\":\"https:\/\/mtp-tours.com\/wp-content\/uploads\/2025\/11\/logo.png\",\"width\":600,\"height\":238,\"caption\":\"Meet the Portuguese\"},\"image\":{\"@id\":\"https:\/\/mtp-tours.com\/#\/schema\/logo\/image\/\"},\"sameAs\":[\"https:\/\/www.facebook.com\/mtptours\/\",\"https:\/\/www.instagram.com\/mtptours\",\"https:\/\/www.youtube.com\/@MeetthePortuguese\",\"https:\/\/www.tiktok.com\/@mtptours\",\"https:\/\/www.linkedin.com\/company\/mtp-tours\/\"]}]}<\/script>\n<!-- \/ Yoast SEO plugin. -->","yoast_head_json":{"title":"A minha conta - Meet the Portuguese","robots":{"index":"noindex","follow":"nofollow"},"og_locale":"de_DE","og_type":"article","og_title":"A minha conta - Meet the Portuguese","og_url":"https:\/\/mtp-tours.com\/de\/a-minha-conta\/","og_site_name":"Meet the Portuguese","article_publisher":"https:\/\/www.facebook.com\/mtptours\/","article_modified_time":"2026-03-06T11:15:15+00:00","twitter_card":"summary_large_image","twitter_misc":{"Gesch\u00e4tzte Lesezeit":"1\u00a0Minute"},"schema":{"@context":"https:\/\/schema.org","@graph":[{"@type":"WebPage","@id":"https:\/\/mtp-tours.com\/a-minha-conta\/","url":"https:\/\/mtp-tours.com\/a-minha-conta\/","name":"A minha conta - Meet the Portuguese","isPartOf":{"@id":"https:\/\/mtp-tours.com\/#website"},"datePublished":"2025-10-30T16:19:07+00:00","dateModified":"2026-03-06T11:15:15+00:00","breadcrumb":{"@id":"https:\/\/mtp-tours.com\/a-minha-conta\/#breadcrumb"},"inLanguage":"de","potentialAction":[{"@type":"ReadAction","target":["https:\/\/mtp-tours.com\/a-minha-conta\/"]}]},{"@type":"BreadcrumbList","@id":"https:\/\/mtp-tours.com\/a-minha-conta\/#breadcrumb","itemListElement":[{"@type":"ListItem","position":1,"name":"In\u00edcio","item":"https:\/\/mtp-tours.com\/"},{"@type":"ListItem","position":2,"name":"A minha conta"}]},{"@type":"WebSite","@id":"https:\/\/mtp-tours.com\/#website","url":"https:\/\/mtp-tours.com\/","name":"Meet the Portuguese","description":"Entdecken Sie das authentische Portugal mit lokalen Guides. Private Touren in Lissabon, Sintra, Alentejo, Arr\u00e1bida und mehr. Einzigartige Kultur-und Genusserlebnisse.","publisher":{"@id":"https:\/\/mtp-tours.com\/#organization"},"potentialAction":[{"@type":"SearchAction","target":{"@type":"EntryPoint","urlTemplate":"https:\/\/mtp-tours.com\/?s={search_term_string}"},"query-input":{"@type":"PropertyValueSpecification","valueRequired":true,"valueName":"search_term_string"}}],"inLanguage":"de"},{"@type":"Organization","@id":"https:\/\/mtp-tours.com\/#organization","name":"Meet the Portuguese","url":"https:\/\/mtp-tours.com\/","logo":{"@type":"ImageObject","inLanguage":"de","@id":"https:\/\/mtp-tours.com\/#\/schema\/logo\/image\/","url":"https:\/\/mtp-tours.com\/wp-content\/uploads\/2025\/11\/logo.png","contentUrl":"https:\/\/mtp-tours.com\/wp-content\/uploads\/2025\/11\/logo.png","width":600,"height":238,"caption":"Meet the Portuguese"},"image":{"@id":"https:\/\/mtp-tours.com\/#\/schema\/logo\/image\/"},"sameAs":["https:\/\/www.facebook.com\/mtptours\/","https:\/\/www.instagram.com\/mtptours","https:\/\/www.youtube.com\/@MeetthePortuguese","https:\/\/www.tiktok.com\/@mtptours","https:\/\/www.linkedin.com\/company\/mtp-tours\/"]}]}},"_links":{"self":[{"href":"https:\/\/mtp-tours.com\/de\/wp-json\/wp\/v2\/pages\/16990","targetHints":{"allow":["GET"]}}],"collection":[{"href":"https:\/\/mtp-tours.com\/de\/wp-json\/wp\/v2\/pages"}],"about":[{"href":"https:\/\/mtp-tours.com\/de\/wp-json\/wp\/v2\/types\/page"}],"author":[{"embeddable":true,"href":"https:\/\/mtp-tours.com\/de\/wp-json\/wp\/v2\/users\/1"}],"replies":[{"embeddable":true,"href":"https:\/\/mtp-tours.com\/de\/wp-json\/wp\/v2\/comments?post=16990"}],"version-history":[{"count":1,"href":"https:\/\/mtp-tours.com\/de\/wp-json\/wp\/v2\/pages\/16990\/revisions"}],"predecessor-version":[{"id":23360,"href":"https:\/\/mtp-tours.com\/de\/wp-json\/wp\/v2\/pages\/16990\/revisions\/23360"}],"wp:attachment":[{"href":"https:\/\/mtp-tours.com\/de\/wp-json\/wp\/v2\/media?parent=16990"}],"curies":[{"name":"wp","href":"https:\/\/api.w.org\/{rel}","templated":true}]}}