{"id":18,"date":"2026-01-27T15:49:03","date_gmt":"2026-01-27T15:49:03","guid":{"rendered":"http:\/\/travelami.templaza.net\/?page_id=18"},"modified":"2026-03-04T19:07:30","modified_gmt":"2026-03-04T19:07:30","slug":"bedingungen-und-konditionen","status":"publish","type":"page","link":"https:\/\/mtp-tours.com\/de\/termos-e-condicoes\/","title":{"rendered":"Bedingungen und Konditionen"},"content":{"rendered":"<p><strong>Zuletzt aktualisiert:<\/strong> 12. Januar 2026<\/p>\n\n\n\n<hr class=\"wp-block-separator has-alpha-channel-opacity\"\/>\n\n\n\n<h2 class=\"wp-block-heading\">1. Geltungsbereich und Gegenstand der Allgemeinen Gesch\u00e4ftsbedingungen<\/h2>\n\n\n\n<p><strong>1.1<\/strong> Die vorliegenden Allgemeinen Gesch\u00e4ftsbedingungen sollen die Bedingungen f\u00fcr die Erbringung des Dienstes regeln <strong>Meet the Portuguese<\/strong> (im Folgenden als \u201cService\u201d oder \u201cStore\u201d bezeichnet), durch das Unternehmen <strong>Meet the Portuguese<\/strong>, mit Sitz in Rua Dom Dinis, n.\u00ba 154, 4.\u00ba Esq., 2785-723 S\u00e3o Domingos de Rana, eingetragen beim zust\u00e4ndigen Handelsregisteramt unter der einheitlichen Registrierungs- und Identifikationsnummer der juristischen Person <strong>Nr. 518 618 528<\/strong>, nachstehend \u201cMeet the Portuguese\u201d genannt.<\/p>\n\n\n\n<p><strong>1.2<\/strong> Der Service besteht darin, \u00fcber die Adresse https:\/\/mtp-tours.com Zugang zur Website zu gew\u00e4hren, die Informationen \u00fcber eine Reihe von touristischen Produkten und\/oder Dienstleistungen bietet und es dem Nutzer erm\u00f6glicht, Reisen auf elektronischem Wege zu den hier beschriebenen Bedingungen zu buchen.<\/p>\n\n\n\n<p><strong>1.3<\/strong> Die Touren m\u00fcssen von Nutzern gebucht werden, die mindestens 18 (achtzehn) Jahre alt sind. Minderj\u00e4hrige Nutzer m\u00fcssen von ihren gesetzlichen Vertretern ordnungsgem\u00e4\u00df autorisiert sein.<\/p>\n\n\n\n<p><strong>1.4<\/strong> Mit dem Zugriff auf die Website und deren Nutzung erkl\u00e4rt der Nutzer, dass er die vorliegenden allgemeinen Bedingungen gelesen, verstanden und vollst\u00e4ndig akzeptiert hat.<\/p>\n\n\n\n<p><strong>1.5<\/strong> Wenn der Nutzer mit diesen Allgemeinen Bedingungen nicht einverstanden ist, muss er von der Nutzung der Website und ihrer Dienste Abstand nehmen.<\/p>\n\n\n\n<p><strong>1.6<\/strong> Meet the Portuguese beh\u00e4lt sich das Recht vor, diese Bedingungen jederzeit zu \u00e4ndern, wobei das Datum der letzten Aktualisierung ordnungsgem\u00e4\u00df anzugeben ist.<\/p>\n\n\n\n<hr class=\"wp-block-separator has-alpha-channel-opacity\"\/>\n\n\n\n<h2 class=\"wp-block-heading\">2. Produktinformation und Inhalt<\/h2>\n\n\n\n<p><strong>2.1<\/strong> Meet the Portuguese bem\u00fcht sich, sicherzustellen, dass die auf der Website dargestellten Informationen frei von Druckfehlern oder Ungenauigkeiten sind. Im Falle einer entsprechenden Nicht\u00fcbereinstimmung kann der Nutzer seine Rechte gem\u00e4\u00df den geltenden gesetzlichen Bestimmungen geltend machen.<\/p>\n\n\n\n<p><strong>2.2<\/strong> In Ausnahmesituationen und aus Gr\u00fcnden, die sich der Kontrolle von Meet the Portuguese entziehen, kann es vorkommen, dass die Buchung der Tour nicht zu den urspr\u00fcnglich angefragten Bedingungen garantiert werden kann, und der Nutzer wird ordnungsgem\u00e4\u00df informiert und hat die M\u00f6glichkeit, die Buchung gegen R\u00fcckerstattung des gezahlten Betrags zu stornieren.<\/p>\n\n\n\n<p><strong>2.3<\/strong> Meet the Portuguese beh\u00e4lt sich das Recht vor, Preise, Reisecharakteristika, Inhalte, Werbeaktivit\u00e4ten und Dienstleistungen jederzeit zu \u00e4ndern.<\/p>\n\n\n\n<hr class=\"wp-block-separator has-alpha-channel-opacity\"\/>\n\n\n\n<h2 class=\"wp-block-heading\">3. Zust\u00e4ndigkeiten<\/h2>\n\n\n\n<p><strong>3.1<\/strong> Alle von Meet the Portuguese vermarkteten Dienstleistungen entsprechen den geltenden portugiesischen Rechtsvorschriften.<\/p>\n\n\n\n<p><strong>3.2<\/strong> Meet the Portuguese haftet nicht f\u00fcr Sch\u00e4den, die durch Verz\u00f6gerungen, Unterbrechungen, Fehler oder Aussetzungen der Kommunikation aufgrund von Faktoren entstehen, die au\u00dferhalb seiner Kontrolle liegen.<\/p>\n\n\n\n<p><strong>3.3<\/strong> Es wird davon ausgegangen, dass die Nutzung des Dienstes durch den Nutzer erfolgt ist, und Meet the Portuguese lehnt jede Verantwortung ab, die sich aus einer missbr\u00e4uchlichen oder betr\u00fcgerischen Nutzung ergibt.<\/p>\n\n\n\n<p><strong>3.4<\/strong> Meet the Portuguese haftet nicht f\u00fcr Verluste oder Sch\u00e4den, die nicht auf vors\u00e4tzliches oder grob fahrl\u00e4ssiges Verhalten zur\u00fcckzuf\u00fchren sind.<\/p>\n\n\n\n<p><strong>3.5<\/strong> Situationen h\u00f6herer Gewalt, wie Naturkatastrophen, Regierungsbeschl\u00fcsse, Streiks, bewaffnete Konflikte, Stromausf\u00e4lle oder andere au\u00dfergew\u00f6hnliche Umst\u00e4nde sind von der Verantwortung des Portugiesen ausgeschlossen.<\/p>\n\n\n\n<p><strong>3.6<\/strong> Der Nutzer akzeptiert, dass Meet the Portuguese nicht garantiert, dass der Dienst ununterbrochen, frei von Fehlern oder Unterbrechungen zur Verf\u00fcgung gestellt wird.<\/p>\n\n\n\n<p><strong>3.7<\/strong> Meet the Portuguese kann nicht f\u00fcr indirekte Sch\u00e4den, entgangene Gewinne oder Datenverluste haftbar gemacht werden, die sich aus der Nutzung oder der Unm\u00f6glichkeit der Nutzung des Dienstes ergeben.<\/p>\n\n\n\n<p><strong>3.8 Gesundheit und Sicherheit<\/strong><\/p>\n\n\n\n<p>Der Nutzer erkennt an und akzeptiert, dass die Teilnahme an den Touren auf eigenes Risiko erfolgt und dass er f\u00fcr seine eigene Gesundheit und Sicherheit w\u00e4hrend der Touren voll verantwortlich ist.<\/p>\n\n\n\n<p>Der Nutzer verpflichtet sich, Meet the Portuguese im Voraus \u00fcber etwaige Krankheiten, k\u00f6rperliche Einschr\u00e4nkungen, besondere Bed\u00fcrfnisse oder andere relevante Umst\u00e4nde zu informieren, die sich auf seine Teilnahme an der Tour auswirken k\u00f6nnten, um, wann immer m\u00f6glich, eine angemessene Vorbereitung und Anpassung der Dienstleistung zu erm\u00f6glichen. Das Fehlen oder die Ungenauigkeit dieser Informationen entbindet Meet the Portuguese von jeglicher Verantwortung f\u00fcr Zwischenf\u00e4lle, Sch\u00e4den oder Verluste, die daraus resultieren k\u00f6nnen.<\/p>\n\n\n\n<p>Unbeschadet der Bestimmungen der vorstehenden Abs\u00e4tze sind die Teilnehmer durch eine Unfallversicherung zu den in der jeweiligen Police festgelegten gesetzlichen Bedingungen abgedeckt, was den Nutzer nicht davon entbindet, alle f\u00fcr seine pers\u00f6nliche Sicherheit angemessenen Vorsichtsma\u00dfnahmen zu ergreifen und sich sorgf\u00e4ltig zu verhalten.<\/p>\n\n\n\n<hr class=\"wp-block-separator has-alpha-channel-opacity\"\/>\n\n\n\n<h2 class=\"wp-block-heading\">4. Pflichten des Nutzers<\/h2>\n\n\n\n<p><strong>4.1<\/strong> Der Nutzer verpflichtet sich, wahrheitsgem\u00e4\u00dfe, vollst\u00e4ndige und aktuelle Angaben zu machen und alle Regeln f\u00fcr die Teilnahme an den Touren einzuhalten.<\/p>\n\n\n\n<p><strong>4.2<\/strong> Die Nichteinhaltung der \u00fcbernommenen Verpflichtungen kann zur Stornierung der Buchung ohne Anspruch auf Erstattung sowie zur Ablehnung k\u00fcnftiger Buchungen f\u00fchren.<\/p>\n\n\n\n<hr class=\"wp-block-separator has-alpha-channel-opacity\"\/>\n\n\n\n<h2 class=\"wp-block-heading\">5. Privatsph\u00e4re und Schutz personenbezogener Daten<\/h2>\n\n\n\n<p>Die Verarbeitung personenbezogener Daten erfolgt in \u00dcbereinstimmung mit den geltenden Rechtsvorschriften, insbesondere der Allgemeinen Datenschutzverordnung (DSGVO). Die Nutzer k\u00f6nnen die Datenschutz- und Cookie-Richtlinie auf der Website einsehen.<\/p>\n\n\n\n<hr class=\"wp-block-separator has-alpha-channel-opacity\"\/>\n\n\n\n<h2 class=\"wp-block-heading\">6. Konfirmation und P\u00fcnktlichkeit<\/h2>\n\n\n\n<p><strong>6.1<\/strong> Nach der Zahlung erh\u00e4lt der Nutzer eine Best\u00e4tigung \u00fcber Datum, Uhrzeit und Ort der Tour.<\/p>\n\n\n\n<p><strong>6.2<\/strong> Der Nutzer verpflichtet sich, mindestens 20 (zwanzig) Minuten vor Beginn der Veranstaltung am vereinbarten Ort zu erscheinen.<\/p>\n\n\n\n<p><strong>6.3<\/strong> Die Versp\u00e4tung oder das Nichterscheinen des Nutzers kann zum Verlust des Rechts auf Teilnahme an der Tour f\u00fchren und wird als <strong>Nichterscheinen<\/strong>, Es erfolgt keine R\u00fcckerstattung.<\/p>\n\n\n\n<hr class=\"wp-block-separator has-alpha-channel-opacity\"\/>\n\n\n\n<h2 class=\"wp-block-heading\">7. Termine absagen<\/h2>\n\n\n\n<p><strong>7.1<\/strong> Stornierungen auf Initiative des Nutzers m\u00fcssen bis zu 24 Stunden vor Beginn der Tour erfolgen.<\/p>\n\n\n\n<p><strong>7.2<\/strong> Bei Stornierungen, die weniger als 24 Stunden im Voraus erfolgen, besteht kein Anspruch auf eine Erstattung.<\/p>\n\n\n\n<p><strong>7.3<\/strong> Meet the Portuguese beh\u00e4lt sich das Recht vor, Touren aus betrieblichen, sicherheitstechnischen oder Gr\u00fcnden h\u00f6herer Gewalt zu stornieren oder zu \u00e4ndern, wobei dem Nutzer die M\u00f6glichkeit einer R\u00fcckerstattung oder eines neuen Termins einger\u00e4umt wird.<\/p>\n\n\n\n<hr class=\"wp-block-separator has-alpha-channel-opacity\"\/>\n\n\n\n<h2 class=\"wp-block-heading\">8. Zahlung<\/h2>\n\n\n\n<p>Die Dienste m\u00fcssen im Voraus mit den auf der Website bereitgestellten Mitteln bezahlt werden.<\/p>\n\n\n\n<hr class=\"wp-block-separator has-alpha-channel-opacity\"\/>\n\n\n\n<h2 class=\"wp-block-heading\">9. Preise und Rechnungsstellung<\/h2>\n\n\n\n<p>Die angegebenen Preise enthalten die Mehrwertsteuer in der gesetzlichen H\u00f6he. W\u00fcnscht der Nutzer eine Rechnung mit Mehrwertsteuernummer, muss er diese bei der Buchung angeben.<\/p>\n\n\n\n<hr class=\"wp-block-separator has-alpha-channel-opacity\"\/>\n\n\n\n<h2 class=\"wp-block-heading\">10. Geistiges Eigentum<\/h2>\n\n\n\n<p>Alle Inhalte der Website sind urheberrechtlich und durch gewerbliche Schutzrechte gesch\u00fctzt und d\u00fcrfen nicht ohne vorherige Genehmigung verwendet werden.<\/p>\n\n\n\n<hr class=\"wp-block-separator has-alpha-channel-opacity\"\/>\n\n\n\n<h2 class=\"wp-block-heading\">11. Beschwerden und Streitschlichtung<\/h2>\n\n\n\n<p>Der Nutzer kann die gesetzlich vorgesehenen alternativen Streitbeilegungsmechanismen in Anspruch nehmen.<\/p>\n\n\n\n<hr class=\"wp-block-separator has-alpha-channel-opacity\"\/>\n\n\n\n<h2 class=\"wp-block-heading\">12. Geltendes Recht<\/h2>\n\n\n\n<p>Diese Allgemeinen Gesch\u00e4ftsbedingungen unterliegen dem portugiesischen Recht. Im Falle von Abweichungen zwischen den Sprachfassungen ist die portugiesische Fassung ma\u00dfgebend.<\/p>","protected":false},"excerpt":{"rendered":"<p>\u00daltima atualiza\u00e7\u00e3o: 12 de janeiro de 2026 1. \u00c2mbito e Objeto das Condi\u00e7\u00f5es Gerais da Loja 1.1 As presentes Condi\u00e7\u00f5es Gerais destinam-se a regular os termos e as condi\u00e7\u00f5es por que se reger\u00e1 a presta\u00e7\u00e3o do Servi\u00e7o Meet the Portuguese (doravante designado \u201cServi\u00e7o\u201d ou \u201cLoja\u201d), pela sociedade Meet the Portuguese, com sede na Rua Dom&hellip; <a class=\"more-link\" href=\"https:\/\/mtp-tours.com\/de\/termos-e-condicoes\/\">Continue reading <span class=\"screen-reader-text\">Bedingungen und Konditionen<\/span><\/a><\/p>","protected":false},"author":1,"featured_media":0,"parent":0,"menu_order":0,"comment_status":"closed","ping_status":"closed","template":"","meta":{"footnotes":""},"class_list":["post-18","page","type-page","status-publish","hentry","layout-1","product-add-to-cart-ajax"],"yoast_head":"<!-- This site is optimized with the Yoast SEO plugin v27.2 - https:\/\/yoast.com\/product\/yoast-seo-wordpress\/ -->\n<title>Termos e Condi\u00e7\u00f5es | Meet the Portuguese<\/title>\n<meta name=\"description\" content=\"Consulte os termos e condi\u00e7\u00f5es dos nossos servi\u00e7os de tours em Portugal. Informa\u00e7\u00f5es sobre reservas, cancelamentos e pol\u00edticas gerais.\" \/>\n<meta name=\"robots\" content=\"index, follow, max-snippet:-1, max-image-preview:large, max-video-preview:-1\" \/>\n<link rel=\"canonical\" href=\"https:\/\/mtp-tours.com\/de\/bedingungen-und-konditionen\/\" \/>\n<meta property=\"og:locale\" content=\"de_DE\" \/>\n<meta property=\"og:type\" content=\"article\" \/>\n<meta property=\"og:title\" content=\"Termos e Condi\u00e7\u00f5es | Meet the Portuguese\" \/>\n<meta property=\"og:description\" content=\"Consulte os termos e condi\u00e7\u00f5es dos nossos servi\u00e7os de tours em Portugal. Informa\u00e7\u00f5es sobre reservas, cancelamentos e pol\u00edticas gerais.\" \/>\n<meta property=\"og:url\" content=\"https:\/\/mtp-tours.com\/de\/bedingungen-und-konditionen\/\" \/>\n<meta property=\"og:site_name\" content=\"Meet the Portuguese\" \/>\n<meta property=\"article:publisher\" content=\"https:\/\/www.facebook.com\/mtptours\/\" \/>\n<meta property=\"article:modified_time\" content=\"2026-03-04T19:07:30+00:00\" \/>\n<meta name=\"twitter:card\" content=\"summary_large_image\" \/>\n<meta name=\"twitter:label1\" content=\"Gesch\u00e4tzte Lesezeit\" \/>\n\t<meta name=\"twitter:data1\" content=\"6\u00a0Minuten\" \/>\n<script type=\"application\/ld+json\" class=\"yoast-schema-graph\">{\"@context\":\"https:\/\/schema.org\",\"@graph\":[{\"@type\":\"WebPage\",\"@id\":\"https:\/\/mtp-tours.com\/termos-e-condicoes\/\",\"url\":\"https:\/\/mtp-tours.com\/termos-e-condicoes\/\",\"name\":\"Termos e Condi\u00e7\u00f5es | Meet the Portuguese\",\"isPartOf\":{\"@id\":\"https:\/\/mtp-tours.com\/#website\"},\"datePublished\":\"2026-01-27T15:49:03+00:00\",\"dateModified\":\"2026-03-04T19:07:30+00:00\",\"description\":\"Consulte os termos e condi\u00e7\u00f5es dos nossos servi\u00e7os de tours em Portugal. Informa\u00e7\u00f5es sobre reservas, cancelamentos e pol\u00edticas gerais.\",\"breadcrumb\":{\"@id\":\"https:\/\/mtp-tours.com\/termos-e-condicoes\/#breadcrumb\"},\"inLanguage\":\"de\",\"potentialAction\":[{\"@type\":\"ReadAction\",\"target\":[\"https:\/\/mtp-tours.com\/termos-e-condicoes\/\"]}]},{\"@type\":\"BreadcrumbList\",\"@id\":\"https:\/\/mtp-tours.com\/termos-e-condicoes\/#breadcrumb\",\"itemListElement\":[{\"@type\":\"ListItem\",\"position\":1,\"name\":\"In\u00edcio\",\"item\":\"https:\/\/mtp-tours.com\/\"},{\"@type\":\"ListItem\",\"position\":2,\"name\":\"Termos e Condi\u00e7\u00f5es\"}]},{\"@type\":\"WebSite\",\"@id\":\"https:\/\/mtp-tours.com\/#website\",\"url\":\"https:\/\/mtp-tours.com\/\",\"name\":\"Meet the Portuguese\",\"description\":\"Descubra o Portugal aut\u00eantico com guias locais. Tours privados em Lisboa, Sintra, Alentejo, Arr\u00e1bida e mais. Experi\u00eancias \u00fanicas de cultura e gastronomia.\",\"publisher\":{\"@id\":\"https:\/\/mtp-tours.com\/#organization\"},\"potentialAction\":[{\"@type\":\"SearchAction\",\"target\":{\"@type\":\"EntryPoint\",\"urlTemplate\":\"https:\/\/mtp-tours.com\/?s={search_term_string}\"},\"query-input\":{\"@type\":\"PropertyValueSpecification\",\"valueRequired\":true,\"valueName\":\"search_term_string\"}}],\"inLanguage\":\"de\"},{\"@type\":\"Organization\",\"@id\":\"https:\/\/mtp-tours.com\/#organization\",\"name\":\"Meet the Portuguese\",\"url\":\"https:\/\/mtp-tours.com\/\",\"logo\":{\"@type\":\"ImageObject\",\"inLanguage\":\"de\",\"@id\":\"https:\/\/mtp-tours.com\/#\/schema\/logo\/image\/\",\"url\":\"https:\/\/mtp-tours.com\/wp-content\/uploads\/2025\/11\/logo.png\",\"contentUrl\":\"https:\/\/mtp-tours.com\/wp-content\/uploads\/2025\/11\/logo.png\",\"width\":600,\"height\":238,\"caption\":\"Meet the Portuguese\"},\"image\":{\"@id\":\"https:\/\/mtp-tours.com\/#\/schema\/logo\/image\/\"},\"sameAs\":[\"https:\/\/www.facebook.com\/mtptours\/\",\"https:\/\/www.instagram.com\/mtptours\",\"https:\/\/www.youtube.com\/@MeetthePortuguese\",\"https:\/\/www.tiktok.com\/@mtptours\",\"https:\/\/www.linkedin.com\/company\/mtp-tours\/\"]}]}<\/script>\n<!-- \/ Yoast SEO plugin. -->","yoast_head_json":{"title":"Allgemeine Gesch\u00e4ftsbedingungen | Meet the Portuguese","description":"Lesen Sie unsere AGB f\u00fcr Tourdienste in Portugal. Informationen zu Buchungen, Stornierungen und allgemeinen Richtlinien.","robots":{"index":"index","follow":"follow","max-snippet":"max-snippet:-1","max-image-preview":"max-image-preview:large","max-video-preview":"max-video-preview:-1"},"canonical":"https:\/\/mtp-tours.com\/de\/bedingungen-und-konditionen\/","og_locale":"de_DE","og_type":"article","og_title":"Termos e Condi\u00e7\u00f5es | Meet the Portuguese","og_description":"Consulte os termos e condi\u00e7\u00f5es dos nossos servi\u00e7os de tours em Portugal. Informa\u00e7\u00f5es sobre reservas, cancelamentos e pol\u00edticas gerais.","og_url":"https:\/\/mtp-tours.com\/de\/bedingungen-und-konditionen\/","og_site_name":"Meet the Portuguese","article_publisher":"https:\/\/www.facebook.com\/mtptours\/","article_modified_time":"2026-03-04T19:07:30+00:00","twitter_card":"summary_large_image","twitter_misc":{"Gesch\u00e4tzte Lesezeit":"6\u00a0Minuten"},"schema":{"@context":"https:\/\/schema.org","@graph":[{"@type":"WebPage","@id":"https:\/\/mtp-tours.com\/termos-e-condicoes\/","url":"https:\/\/mtp-tours.com\/termos-e-condicoes\/","name":"Allgemeine Gesch\u00e4ftsbedingungen | Meet the Portuguese","isPartOf":{"@id":"https:\/\/mtp-tours.com\/#website"},"datePublished":"2026-01-27T15:49:03+00:00","dateModified":"2026-03-04T19:07:30+00:00","description":"Lesen Sie unsere AGB f\u00fcr Tourdienste in Portugal. Informationen zu Buchungen, Stornierungen und allgemeinen Richtlinien.","breadcrumb":{"@id":"https:\/\/mtp-tours.com\/termos-e-condicoes\/#breadcrumb"},"inLanguage":"de","potentialAction":[{"@type":"ReadAction","target":["https:\/\/mtp-tours.com\/termos-e-condicoes\/"]}]},{"@type":"BreadcrumbList","@id":"https:\/\/mtp-tours.com\/termos-e-condicoes\/#breadcrumb","itemListElement":[{"@type":"ListItem","position":1,"name":"In\u00edcio","item":"https:\/\/mtp-tours.com\/"},{"@type":"ListItem","position":2,"name":"Termos e Condi\u00e7\u00f5es"}]},{"@type":"WebSite","@id":"https:\/\/mtp-tours.com\/#website","url":"https:\/\/mtp-tours.com\/","name":"Meet the Portuguese","description":"Entdecken Sie das authentische Portugal mit lokalen Guides. Private Touren in Lissabon, Sintra, Alentejo, Arr\u00e1bida und mehr. Einzigartige Kultur-und Genusserlebnisse.","publisher":{"@id":"https:\/\/mtp-tours.com\/#organization"},"potentialAction":[{"@type":"SearchAction","target":{"@type":"EntryPoint","urlTemplate":"https:\/\/mtp-tours.com\/?s={search_term_string}"},"query-input":{"@type":"PropertyValueSpecification","valueRequired":true,"valueName":"search_term_string"}}],"inLanguage":"de"},{"@type":"Organization","@id":"https:\/\/mtp-tours.com\/#organization","name":"Meet the Portuguese","url":"https:\/\/mtp-tours.com\/","logo":{"@type":"ImageObject","inLanguage":"de","@id":"https:\/\/mtp-tours.com\/#\/schema\/logo\/image\/","url":"https:\/\/mtp-tours.com\/wp-content\/uploads\/2025\/11\/logo.png","contentUrl":"https:\/\/mtp-tours.com\/wp-content\/uploads\/2025\/11\/logo.png","width":600,"height":238,"caption":"Meet the Portuguese"},"image":{"@id":"https:\/\/mtp-tours.com\/#\/schema\/logo\/image\/"},"sameAs":["https:\/\/www.facebook.com\/mtptours\/","https:\/\/www.instagram.com\/mtptours","https:\/\/www.youtube.com\/@MeetthePortuguese","https:\/\/www.tiktok.com\/@mtptours","https:\/\/www.linkedin.com\/company\/mtp-tours\/"]}]}},"_links":{"self":[{"href":"https:\/\/mtp-tours.com\/de\/wp-json\/wp\/v2\/pages\/18","targetHints":{"allow":["GET"]}}],"collection":[{"href":"https:\/\/mtp-tours.com\/de\/wp-json\/wp\/v2\/pages"}],"about":[{"href":"https:\/\/mtp-tours.com\/de\/wp-json\/wp\/v2\/types\/page"}],"author":[{"embeddable":true,"href":"https:\/\/mtp-tours.com\/de\/wp-json\/wp\/v2\/users\/1"}],"replies":[{"embeddable":true,"href":"https:\/\/mtp-tours.com\/de\/wp-json\/wp\/v2\/comments?post=18"}],"version-history":[{"count":2,"href":"https:\/\/mtp-tours.com\/de\/wp-json\/wp\/v2\/pages\/18\/revisions"}],"predecessor-version":[{"id":23280,"href":"https:\/\/mtp-tours.com\/de\/wp-json\/wp\/v2\/pages\/18\/revisions\/23280"}],"wp:attachment":[{"href":"https:\/\/mtp-tours.com\/de\/wp-json\/wp\/v2\/media?parent=18"}],"curies":[{"name":"wp","href":"https:\/\/api.w.org\/{rel}","templated":true}]}}