{"id":3,"date":"2025-10-30T16:12:25","date_gmt":"2025-10-30T16:12:25","guid":{"rendered":"https:\/\/mtp-tours.com\/?page_id=3"},"modified":"2026-03-06T12:42:36","modified_gmt":"2026-03-06T12:42:36","slug":"datenschutz-und-cookie-richtlinie","status":"publish","type":"page","link":"https:\/\/mtp-tours.com\/de\/politica-de-privacidade-e-cookies\/","title":{"rendered":"Datenschutz und Cookie-Richtlinie"},"content":{"rendered":"<h2 class=\"wp-block-heading\"><strong>Datenschutzbestimmungen<\/strong><\/h2>\n\n\n\n<p><strong>Zuletzt aktualisiert:<\/strong> 12.01.2026<\/p>\n\n\n\n<p>Dieses Dokument legt die Bedingungen fest, unter denen <strong>Meet the Portuguese<\/strong>, mit Sitz in der Rua Dom Dinis, 154, 4. Esq., 2785-723 S\u00e3o Domingos, eingetragen beim zust\u00e4ndigen Handelsregisteramt unter der einheitlichen Registrierungs- und Rechtspers\u00f6nlichkeits-Identifikationsnummer 518618528, nachstehend \u201cMeet the Portuguese\u201d genannt, erhebt, nutzt und verarbeitet die personenbezogenen Daten ihrer Nutzer im Zusammenhang mit der Nutzung ihrer Website.<\/p>\n\n\n\n<p>Die Regeln f\u00fcr die Erhebung, Nutzung und Verarbeitung personenbezogener Daten stehen im Einklang mit den geltenden nationalen Rechtsvorschriften und dem <strong>Verordnung (EU) 2016\/679 des Europ\u00e4ischen Parlaments und des Rates vom 27. April 2016<\/strong> (Allgemeine Datenschutzverordnung - GDPR).<\/p>\n\n\n\n<p>Meet the Portuguese k\u00fcmmert sich um die Privatsph\u00e4re seiner Nutzer und den Schutz der von ihnen zur Verf\u00fcgung gestellten personenbezogenen Daten und ist die f\u00fcr die Verarbeitung der \u00fcber die Website erhobenen Daten verantwortliche Stelle <a href=\"https:\/\/mtp-tours.com\/de\/\">https:\/\/mtp-tours.com<\/a> (nachstehend die \u201cWebsite\u201d).<\/p>\n\n\n\n<p>Den Nutzern wird empfohlen, diese Datenschutzerkl\u00e4rung sorgf\u00e4ltig zu lesen, in der die erhobenen Daten, die Zwecke ihrer Verarbeitung und ihre Rechte erl\u00e4utert werden.<\/p>\n\n\n\n<p>Diese Datenschutzrichtlinie gilt f\u00fcr personenbezogene Daten, die im Rahmen der Interaktion der Nutzer mit der Website oder anderen digitalen Plattformen von Meet the Portuguese erhoben und verarbeitet werden.<\/p>\n\n\n\n<hr class=\"wp-block-separator has-alpha-channel-opacity\"\/>\n\n\n\n<p><strong>Arten der Erhebung personenbezogener Daten<\/strong><\/p>\n\n\n\n<p>Meet the Portuguese sammelt personenbezogene Daten von seinen Nutzern auf folgende Weise:<\/p>\n\n\n\n<ul class=\"wp-block-list\">\n<li>Buchen Sie Touren \u00fcber die Website;<\/li>\n\n\n\n<li>Abonnieren Sie die Newsletter auf der Website;<\/li>\n\n\n\n<li>Kontaktaufnahme mit Nutzern \u00fcber Firmen-E-Mail-Adressen, n\u00e4mlich info@mtp-tours.com.<\/li>\n<\/ul>\n\n\n\n<hr class=\"wp-block-separator has-alpha-channel-opacity\"\/>\n\n\n\n<p><strong>Erfasste personenbezogene Daten<\/strong><\/p>\n\n\n\n<p>Im Rahmen der Erbringung seiner Dienstleistungen kann Meet the Portuguese die folgenden Kategorien personenbezogener Daten erfassen:<\/p>\n\n\n\n<ul class=\"wp-block-list\">\n<li><strong>Identifizierungs-, Kontakt- und Rechnungsstellungsdaten<\/strong>, Zu diesen Daten geh\u00f6ren die f\u00fcr die Buchung von Reisen und die Verwaltung des Vertragsverh\u00e4ltnisses erforderlichen Informationen, wie Name, E-Mail-Adresse, Anschrift, Postleitzahl und gegebenenfalls Steuernummer;<\/li>\n\n\n\n<li><strong>Kontaktinformationen f\u00fcr Marketingzwecke<\/strong>, Im Falle eines Versto\u00dfes gegen diese Vereinbarung wird dem Nutzer eine E-Mail-Adresse f\u00fcr den Versand von Newslettern zur Verf\u00fcgung gestellt, sofern der Nutzer zustimmt;<\/li>\n\n\n\n<li><strong>Technische Daten<\/strong>, Solche Informationen k\u00f6nnen Informationen \u00fcber das Betriebssystem, den Ger\u00e4tetyp, den Browser oder die Bildschirmaufl\u00f6sung enthalten, die f\u00fcr den Zugriff auf die Website verwendet werden;<\/li>\n\n\n\n<li><strong>Daten zur Navigation<\/strong>, statistische oder anonyme Informationen \u00fcber die Nutzung der Website.<\/li>\n<\/ul>\n\n\n\n<p>Bei der Nutzung von Diensten Dritter (z. B. Analysetools) kann die Verarbeitung von Daten auch den Richtlinien dieser Anbieter unterliegen.<\/p>\n\n\n\n<hr class=\"wp-block-separator has-alpha-channel-opacity\"\/>\n\n\n\n<p><strong>Daten \u00fcber Minderj\u00e4hrige<\/strong><\/p>\n\n\n\n<p>Meet the Portuguese erhebt nicht absichtlich personenbezogene Daten von Minderj\u00e4hrigen unter 16 Jahren, es sei denn, dies ist im Rahmen der Erbringung von touristischen Dienstleistungen erforderlich; in diesem Fall erfolgt die Verarbeitung nur mit Zustimmung der gesetzlichen Vertreter.<br>Erh\u00e4lt Meet the Portuguese Kenntnis davon, dass personenbezogene Daten von Minderj\u00e4hrigen ohne den entsprechenden Rechtsrahmen erhoben wurden, wird es diese unverz\u00fcglich l\u00f6schen.<\/p>\n\n\n\n<hr class=\"wp-block-separator has-alpha-channel-opacity\"\/>\n\n\n\n<p><strong>Zwecke und Rechtsgrundlage der Verarbeitung<\/strong><\/p>\n\n\n\n<p>Die erhobenen personenbezogenen Daten werden zu folgenden Zwecken verarbeitet:<\/p>\n\n\n\n<ol class=\"wp-block-list\">\n<li>Buchung von Reisen und Verwaltung der Vertragsbeziehungen;<\/li>\n\n\n\n<li>Reaktion auf Anfragen, Kontakte und Beschwerden;<\/li>\n\n\n\n<li>Verbesserung des Surfverhaltens auf der Website, insbesondere durch Cookies;<\/li>\n\n\n\n<li>\u00dcbermittlung relevanter Informationen \u00fcber die angebotenen Dienstleistungen (z. B. \u00c4nderungen der Verf\u00fcgbarkeit);<\/li>\n\n\n\n<li>Versand von Newslettern, Werbemitteilungen oder Informationen \u00fcber Produkte und Dienstleistungen von Meet the Portuguese und seinen Partnern, sofern der Nutzer seine Zustimmung erteilt hat;<\/li>\n\n\n\n<li>Durchf\u00fchrung von Zufriedenheitsumfragen;<\/li>\n\n\n\n<li>Verwaltung der Kundenbeziehungen.<\/li>\n<\/ol>\n\n\n\n<p>F\u00fcr die Verarbeitung personenbezogener Daten gibt es eine Rechtsgrundlage:<\/p>\n\n\n\n<ul class=\"wp-block-list\">\n<li>die Ausf\u00fchrung eines Vertrags oder vorvertragliche Schritte;<\/li>\n\n\n\n<li>die Erf\u00fcllung der gesetzlichen Verpflichtungen;<\/li>\n\n\n\n<li>das berechtigte Interesse von Meet the Portuguese;<\/li>\n\n\n\n<li>und, soweit gesetzlich vorgeschrieben, die Einwilligung der betroffenen Person.<\/li>\n<\/ul>\n\n\n\n<hr class=\"wp-block-separator has-alpha-channel-opacity\"\/>\n\n\n\n<p><strong>\u00dcbertragung von Daten<\/strong><\/p>\n\n\n\n<p>Meet the Portuguese kann personenbezogene Daten an externe Dienstleister \u00fcbermitteln, die in seinem Namen und in seinem Auftrag handeln, und zwar ausschlie\u00dflich in dem Umfang, der f\u00fcr die Erbringung der Dienstleistungen erforderlich ist, wobei diese Einrichtungen verpflichtet sind, die geltenden Rechtsvorschriften zum Schutz personenbezogener Daten einzuhalten.<\/p>\n\n\n\n<hr class=\"wp-block-separator has-alpha-channel-opacity\"\/>\n\n\n\n<p><strong>Sicherheit und Datenschutzverletzungen<\/strong><\/p>\n\n\n\n<p>Meet the Portuguese ist nicht verantwortlich f\u00fcr Inhalte, die \u00fcber Hyperlinks aufgerufen werden, die den Nutzer zu Websites Dritter au\u00dferhalb der Domain von Meet the Portuguese f\u00fchren. <a href=\"https:\/\/mtp-tours.com\/de\/\">https:\/\/mtp-tours.com<\/a>.<\/p>\n\n\n\n<p>Die erhobenen personenbezogenen Daten werden automatisch verarbeitet und durch geeignete technische und organisatorische Ma\u00dfnahmen gesch\u00fctzt, einschlie\u00dflich Sicherheitsmechanismen, die den unbefugten Zugriff, den Verlust oder die unzul\u00e4ssige Weitergabe von Daten verhindern sollen.<\/p>\n\n\n\n<p>Jeder Versto\u00df gegen personenbezogene Daten wird nach den geltenden gesetzlichen Bestimmungen, insbesondere der DSGVO, geahndet.<\/p>\n\n\n\n<hr class=\"wp-block-separator has-alpha-channel-opacity\"\/>\n\n\n\n<p><strong>Rechte der betroffenen Personen<\/strong><\/p>\n\n\n\n<p>Nach Ma\u00dfgabe der geltenden Rechtsvorschriften k\u00f6nnen die Nutzer jederzeit die folgenden Rechte aus\u00fcben:<\/p>\n\n\n\n<ul class=\"wp-block-list\">\n<li>Recht auf Information;<\/li>\n\n\n\n<li>Recht auf Zugang;<\/li>\n\n\n\n<li>Recht auf Berichtigung;<\/li>\n\n\n\n<li>Recht auf L\u00f6schung der Daten;<\/li>\n\n\n\n<li>Recht auf Einschr\u00e4nkung der Behandlung;<\/li>\n\n\n\n<li>Recht auf \u00dcbertragbarkeit;<\/li>\n\n\n\n<li>Recht auf Widerspruch;<\/li>\n\n\n\n<li>Recht auf Unterrichtung im Falle einer Verletzung des Schutzes personenbezogener Daten.<\/li>\n<\/ul>\n\n\n\n<p>Die Rechte k\u00f6nnen durch einen schriftlichen Antrag an den f\u00fcr die Verarbeitung der personenbezogenen Daten Verantwortlichen unter der E-Mail-Adresse info@mtp-tours.com ausge\u00fcbt werden.<\/p>\n\n\n\n<p>Die betroffene Person hat auch das Recht, eine Beschwerde bei der Europ\u00e4ischen Kommission einzureichen. <strong>Nationale Datenschutzkommission (CNPD)<\/strong>.<\/p>\n\n\n\n<hr class=\"wp-block-separator has-alpha-channel-opacity\"\/>\n\n\n\n<p><strong>Dauer der Datenspeicherung<\/strong><\/p>\n\n\n\n<p>Personenbezogene Daten werden nur so lange aufbewahrt, wie es f\u00fcr die Zwecke, f\u00fcr die sie erhoben wurden, unbedingt erforderlich ist, unbeschadet gesetzlich vorgeschriebener Aufbewahrungsfristen, insbesondere f\u00fcr steuerliche Zwecke, die Rechnungslegung oder die Verteidigung von Rechten in Gerichtsverfahren.<\/p>\n\n\n\n<hr class=\"wp-block-separator has-alpha-channel-opacity\"\/>\n\n\n\n<p><strong>Verantwortlich f\u00fcr die Verarbeitung personenbezogener Daten<\/strong><\/p>\n\n\n\n<p>F\u00fcr alle Fragen im Zusammenhang mit der Verarbeitung personenbezogener Daten oder der Aus\u00fcbung der Rechte der betroffenen Personen sind die folgenden Kontaktangaben zu verwenden:<\/p>\n\n\n\n<p><strong>Treffen Sie die Portugiesen, Unipessoal, Lda<\/strong><\/p>\n\n\n\n<p>Rua Dom Dinis, 154, 4. Esq.<\/p>\n\n\n\n<p>2785-723 S\u00e3o Domingos de Rana<\/p>\n\n\n\n<p>E-Mail: info@mtp-tours.com<\/p>\n\n\n\n<hr class=\"wp-block-separator has-alpha-channel-opacity\"\/>\n\n\n\n<p><strong>Abschlie\u00dfende \u00dcberlegungen<\/strong><\/p>\n\n\n\n<p>Meet the Portuguese beh\u00e4lt sich das Recht vor, diese Datenschutz- und Cookie-Richtlinie zu \u00e4ndern, und es wird empfohlen, diese Seite regelm\u00e4\u00dfig zu konsultieren. Die fortgesetzte Nutzung der Website setzt die Kenntnis und Annahme der aktualisierten Version der Richtlinie voraus.<\/p>\n\n\n\n<hr class=\"wp-block-separator has-alpha-channel-opacity\"\/>\n\n\n\n<h2 class=\"wp-block-heading\"><strong>Cookie-Richtlinie<\/strong><\/h2>\n\n\n\n<p><strong>Zuletzt aktualisiert:<\/strong> 12.01.2026<\/p>\n\n\n\n<p>Meet the Portuguese, mit Hauptsitz in der Rua Dom Dinis, 154, 4. Esq., 2785-723 S\u00e3o Domingos de Rana, unter der einheitlichen Registrierungs- und Identifikationsnummer der juristischen Person 518618528 verwendet Cookies auf der Website mit dem Ziel, die Leistung und das Surferlebnis des Nutzers zu verbessern.<\/p>\n\n\n\n<p>Nicht wesentliche Cookies, d. h. Analyse- und Werbe-Cookies, werden nur mit ausdr\u00fccklicher Zustimmung des Nutzers installiert, die jederzeit \u00fcber die auf der Website verf\u00fcgbaren Cookie-Einstellungen widerrufen oder ge\u00e4ndert werden kann.<\/p>\n\n\n\n<p>Jeder Browser erm\u00f6glicht es dem Nutzer, Cookies \u00fcber seine Einstellungen zu akzeptieren, abzulehnen oder zu l\u00f6schen. Die Deaktivierung wichtiger Cookies kann das ordnungsgem\u00e4\u00dfe Funktionieren der Website beeintr\u00e4chtigen.<\/p>\n\n\n\n<p><strong>Was sind Cookies?<\/strong><\/p>\n\n\n\n<p>Cookies sind kleine Textdateien, die beim Besuch einer Website auf dem Ger\u00e4t des Nutzers gespeichert werden. Sie erm\u00f6glichen die Wiedererkennung des Ger\u00e4ts und die Speicherung der Surfpr\u00e4ferenzen, ohne direkt identifizierbare personenbezogene Daten zu erfassen.<\/p>\n\n\n\n<p><strong>Verwendete Arten von Cookies<\/strong><\/p>\n\n\n\n<ul class=\"wp-block-list\">\n<li><strong>Wesentliche Cookies<\/strong> - die f\u00fcr den grundlegenden Betrieb der Website erforderlich sind;<\/li>\n\n\n\n<li><strong>Funktionalit\u00e4t der Cookies<\/strong> - erm\u00f6glichen es Ihnen, Benutzereinstellungen zu speichern;<\/li>\n\n\n\n<li><strong>Analytische Cookies<\/strong> - uns erm\u00f6glichen, die Nutzung der Website zu analysieren und ihre Leistung zu verbessern;<\/li>\n\n\n\n<li><strong>Werbe-Cookies<\/strong> - um relevante Anzeigen zu pr\u00e4sentieren und Kampagnen zu bewerten.<\/li>\n<\/ul>\n\n\n\n<p>Die Website kann Cookies von Dritten enthalten, \u00fcber die Meet the Portuguese keine direkte Kontrolle hat.<\/p>\n\n\n\n<p>Detaillierte Listen von Cookies finden Sie unten:<\/p>\n\n\n\n<div class=\"cky-audit-table-element\"><\/div>\n\n\n\n<p>Die Nutzer k\u00f6nnen ihre Cookie-Pr\u00e4ferenzen jederzeit \u00fcber die auf der Website bereitgestellte Schaltfl\u00e4che \u00e4ndern.<\/p>\n\n\n\n<a class=\"cky-banner-element wp-block-button__link wp-element-button\" style=\"background: #00759b!important; font-family: 'Inter', Arial, sans-serif;\">Prefer\u00eancias de Cookies<\/a>","protected":false},"excerpt":{"rendered":"<p>Pol\u00edtica de Privacidade \u00daltima atualiza\u00e7\u00e3o: 12.01.2026 O presente documento estabelece os termos em que a Meet the Portuguese, com sede na Rua Dom Dinis, 154, 4. Esq., 2785-723 S\u00e3o Domingos, matriculada na Conservat\u00f3ria do Registo Comercial competente sob o n\u00famero \u00fanico de matr\u00edcula e de identifica\u00e7\u00e3o de pessoa coletiva n.\u00ba 518618528, doravante designada \u201cMeet the&hellip; <a class=\"more-link\" href=\"https:\/\/mtp-tours.com\/de\/politica-de-privacidade-e-cookies\/\">Continue reading <span class=\"screen-reader-text\">Datenschutz und Cookie-Richtlinie<\/span><\/a><\/p>","protected":false},"author":1,"featured_media":0,"parent":0,"menu_order":0,"comment_status":"closed","ping_status":"closed","template":"","meta":{"footnotes":""},"class_list":["post-3","page","type-page","status-publish","hentry","layout-1","product-add-to-cart-ajax"],"yoast_head":"<!-- This site is optimized with the Yoast SEO plugin v27.2 - https:\/\/yoast.com\/product\/yoast-seo-wordpress\/ -->\n<title>Pol\u00edtica de Privacidade e Cookies | Meet the Portuguese<\/title>\n<meta name=\"description\" content=\"Consulte a nossa pol\u00edtica de privacidade e cookies. Saiba como protegemos os seus dados pessoais em conformidade com o RGPD.\" \/>\n<meta name=\"robots\" content=\"index, follow, max-snippet:-1, max-image-preview:large, max-video-preview:-1\" \/>\n<link rel=\"canonical\" href=\"https:\/\/mtp-tours.com\/de\/datenschutz-und-cookie-richtlinie\/\" \/>\n<meta property=\"og:locale\" content=\"de_DE\" \/>\n<meta property=\"og:type\" content=\"article\" \/>\n<meta property=\"og:title\" content=\"Pol\u00edtica de Privacidade e Cookies | Meet the Portuguese\" \/>\n<meta property=\"og:description\" content=\"Consulte a nossa pol\u00edtica de privacidade e cookies. Saiba como protegemos os seus dados pessoais em conformidade com o RGPD.\" \/>\n<meta property=\"og:url\" content=\"https:\/\/mtp-tours.com\/de\/datenschutz-und-cookie-richtlinie\/\" \/>\n<meta property=\"og:site_name\" content=\"Meet the Portuguese\" \/>\n<meta property=\"article:publisher\" content=\"https:\/\/www.facebook.com\/mtptours\/\" \/>\n<meta property=\"article:modified_time\" content=\"2026-03-06T12:42:36+00:00\" \/>\n<meta name=\"twitter:card\" content=\"summary_large_image\" \/>\n<meta name=\"twitter:label1\" content=\"Gesch\u00e4tzte Lesezeit\" \/>\n\t<meta name=\"twitter:data1\" content=\"7\u00a0Minuten\" \/>\n<script type=\"application\/ld+json\" class=\"yoast-schema-graph\">{\"@context\":\"https:\/\/schema.org\",\"@graph\":[{\"@type\":\"WebPage\",\"@id\":\"https:\/\/mtp-tours.com\/politica-de-privacidade-e-cookies\/\",\"url\":\"https:\/\/mtp-tours.com\/politica-de-privacidade-e-cookies\/\",\"name\":\"Pol\u00edtica de Privacidade e Cookies | Meet the Portuguese\",\"isPartOf\":{\"@id\":\"https:\/\/mtp-tours.com\/#website\"},\"datePublished\":\"2025-10-30T16:12:25+00:00\",\"dateModified\":\"2026-03-06T12:42:36+00:00\",\"description\":\"Consulte a nossa pol\u00edtica de privacidade e cookies. Saiba como protegemos os seus dados pessoais em conformidade com o RGPD.\",\"breadcrumb\":{\"@id\":\"https:\/\/mtp-tours.com\/politica-de-privacidade-e-cookies\/#breadcrumb\"},\"inLanguage\":\"de\",\"potentialAction\":[{\"@type\":\"ReadAction\",\"target\":[\"https:\/\/mtp-tours.com\/politica-de-privacidade-e-cookies\/\"]}]},{\"@type\":\"BreadcrumbList\",\"@id\":\"https:\/\/mtp-tours.com\/politica-de-privacidade-e-cookies\/#breadcrumb\",\"itemListElement\":[{\"@type\":\"ListItem\",\"position\":1,\"name\":\"In\u00edcio\",\"item\":\"https:\/\/mtp-tours.com\/\"},{\"@type\":\"ListItem\",\"position\":2,\"name\":\"Pol\u00edtica de Privacidade e Cookies\"}]},{\"@type\":\"WebSite\",\"@id\":\"https:\/\/mtp-tours.com\/#website\",\"url\":\"https:\/\/mtp-tours.com\/\",\"name\":\"Meet the Portuguese\",\"description\":\"Descubra o Portugal aut\u00eantico com guias locais. Tours privados em Lisboa, Sintra, Alentejo, Arr\u00e1bida e mais. Experi\u00eancias \u00fanicas de cultura e gastronomia.\",\"publisher\":{\"@id\":\"https:\/\/mtp-tours.com\/#organization\"},\"potentialAction\":[{\"@type\":\"SearchAction\",\"target\":{\"@type\":\"EntryPoint\",\"urlTemplate\":\"https:\/\/mtp-tours.com\/?s={search_term_string}\"},\"query-input\":{\"@type\":\"PropertyValueSpecification\",\"valueRequired\":true,\"valueName\":\"search_term_string\"}}],\"inLanguage\":\"de\"},{\"@type\":\"Organization\",\"@id\":\"https:\/\/mtp-tours.com\/#organization\",\"name\":\"Meet the Portuguese\",\"url\":\"https:\/\/mtp-tours.com\/\",\"logo\":{\"@type\":\"ImageObject\",\"inLanguage\":\"de\",\"@id\":\"https:\/\/mtp-tours.com\/#\/schema\/logo\/image\/\",\"url\":\"https:\/\/mtp-tours.com\/wp-content\/uploads\/2025\/11\/logo.png\",\"contentUrl\":\"https:\/\/mtp-tours.com\/wp-content\/uploads\/2025\/11\/logo.png\",\"width\":600,\"height\":238,\"caption\":\"Meet the Portuguese\"},\"image\":{\"@id\":\"https:\/\/mtp-tours.com\/#\/schema\/logo\/image\/\"},\"sameAs\":[\"https:\/\/www.facebook.com\/mtptours\/\",\"https:\/\/www.instagram.com\/mtptours\",\"https:\/\/www.youtube.com\/@MeetthePortuguese\",\"https:\/\/www.tiktok.com\/@mtptours\",\"https:\/\/www.linkedin.com\/company\/mtp-tours\/\"]}]}<\/script>\n<!-- \/ Yoast SEO plugin. -->","yoast_head_json":{"title":"Datenschutz- und Cookie-Richtlinie | Meet the Portuguese","description":"Lesen Sie unsere Datenschutz- und Cookie-Richtlinie. Erfahren Sie, wie wir Ihre Daten gem\u00e4\u00df DSGVO sch\u00fctzen.","robots":{"index":"index","follow":"follow","max-snippet":"max-snippet:-1","max-image-preview":"max-image-preview:large","max-video-preview":"max-video-preview:-1"},"canonical":"https:\/\/mtp-tours.com\/de\/datenschutz-und-cookie-richtlinie\/","og_locale":"de_DE","og_type":"article","og_title":"Pol\u00edtica de Privacidade e Cookies | Meet the Portuguese","og_description":"Consulte a nossa pol\u00edtica de privacidade e cookies. Saiba como protegemos os seus dados pessoais em conformidade com o RGPD.","og_url":"https:\/\/mtp-tours.com\/de\/datenschutz-und-cookie-richtlinie\/","og_site_name":"Meet the Portuguese","article_publisher":"https:\/\/www.facebook.com\/mtptours\/","article_modified_time":"2026-03-06T12:42:36+00:00","twitter_card":"summary_large_image","twitter_misc":{"Gesch\u00e4tzte Lesezeit":"7\u00a0Minuten"},"schema":{"@context":"https:\/\/schema.org","@graph":[{"@type":"WebPage","@id":"https:\/\/mtp-tours.com\/politica-de-privacidade-e-cookies\/","url":"https:\/\/mtp-tours.com\/politica-de-privacidade-e-cookies\/","name":"Datenschutz- und Cookie-Richtlinie | Meet the Portuguese","isPartOf":{"@id":"https:\/\/mtp-tours.com\/#website"},"datePublished":"2025-10-30T16:12:25+00:00","dateModified":"2026-03-06T12:42:36+00:00","description":"Lesen Sie unsere Datenschutz- und Cookie-Richtlinie. Erfahren Sie, wie wir Ihre Daten gem\u00e4\u00df DSGVO sch\u00fctzen.","breadcrumb":{"@id":"https:\/\/mtp-tours.com\/politica-de-privacidade-e-cookies\/#breadcrumb"},"inLanguage":"de","potentialAction":[{"@type":"ReadAction","target":["https:\/\/mtp-tours.com\/politica-de-privacidade-e-cookies\/"]}]},{"@type":"BreadcrumbList","@id":"https:\/\/mtp-tours.com\/politica-de-privacidade-e-cookies\/#breadcrumb","itemListElement":[{"@type":"ListItem","position":1,"name":"In\u00edcio","item":"https:\/\/mtp-tours.com\/"},{"@type":"ListItem","position":2,"name":"Pol\u00edtica de Privacidade e Cookies"}]},{"@type":"WebSite","@id":"https:\/\/mtp-tours.com\/#website","url":"https:\/\/mtp-tours.com\/","name":"Meet the Portuguese","description":"Entdecken Sie das authentische Portugal mit lokalen Guides. Private Touren in Lissabon, Sintra, Alentejo, Arr\u00e1bida und mehr. Einzigartige Kultur-und Genusserlebnisse.","publisher":{"@id":"https:\/\/mtp-tours.com\/#organization"},"potentialAction":[{"@type":"SearchAction","target":{"@type":"EntryPoint","urlTemplate":"https:\/\/mtp-tours.com\/?s={search_term_string}"},"query-input":{"@type":"PropertyValueSpecification","valueRequired":true,"valueName":"search_term_string"}}],"inLanguage":"de"},{"@type":"Organization","@id":"https:\/\/mtp-tours.com\/#organization","name":"Meet the Portuguese","url":"https:\/\/mtp-tours.com\/","logo":{"@type":"ImageObject","inLanguage":"de","@id":"https:\/\/mtp-tours.com\/#\/schema\/logo\/image\/","url":"https:\/\/mtp-tours.com\/wp-content\/uploads\/2025\/11\/logo.png","contentUrl":"https:\/\/mtp-tours.com\/wp-content\/uploads\/2025\/11\/logo.png","width":600,"height":238,"caption":"Meet the Portuguese"},"image":{"@id":"https:\/\/mtp-tours.com\/#\/schema\/logo\/image\/"},"sameAs":["https:\/\/www.facebook.com\/mtptours\/","https:\/\/www.instagram.com\/mtptours","https:\/\/www.youtube.com\/@MeetthePortuguese","https:\/\/www.tiktok.com\/@mtptours","https:\/\/www.linkedin.com\/company\/mtp-tours\/"]}]}},"_links":{"self":[{"href":"https:\/\/mtp-tours.com\/de\/wp-json\/wp\/v2\/pages\/3","targetHints":{"allow":["GET"]}}],"collection":[{"href":"https:\/\/mtp-tours.com\/de\/wp-json\/wp\/v2\/pages"}],"about":[{"href":"https:\/\/mtp-tours.com\/de\/wp-json\/wp\/v2\/types\/page"}],"author":[{"embeddable":true,"href":"https:\/\/mtp-tours.com\/de\/wp-json\/wp\/v2\/users\/1"}],"replies":[{"embeddable":true,"href":"https:\/\/mtp-tours.com\/de\/wp-json\/wp\/v2\/comments?post=3"}],"version-history":[{"count":10,"href":"https:\/\/mtp-tours.com\/de\/wp-json\/wp\/v2\/pages\/3\/revisions"}],"predecessor-version":[{"id":23690,"href":"https:\/\/mtp-tours.com\/de\/wp-json\/wp\/v2\/pages\/3\/revisions\/23690"}],"wp:attachment":[{"href":"https:\/\/mtp-tours.com\/de\/wp-json\/wp\/v2\/media?parent=3"}],"curies":[{"name":"wp","href":"https:\/\/api.w.org\/{rel}","templated":true}]}}