{"id":16988,"date":"2025-10-30T16:19:07","date_gmt":"2025-10-30T16:19:07","guid":{"rendered":"https:\/\/mtp-tours.com\/?page_id=16988"},"modified":"2026-03-06T11:15:34","modified_gmt":"2026-03-06T11:15:34","slug":"carrinho","status":"publish","type":"page","link":"https:\/\/mtp-tours.com\/en\/carrinho\/","title":{"rendered":"Carrinho"},"content":{"rendered":"<div data-block-name=\"woocommerce\/cart\" class=\"wp-block-woocommerce-cart alignwide is-loading\">\n<div data-block-name=\"woocommerce\/filled-cart-block\" class=\"wp-block-woocommerce-filled-cart-block\">\n<div data-block-name=\"woocommerce\/cart-items-block\" class=\"wp-block-woocommerce-cart-items-block\">\n<div data-block-name=\"woocommerce\/cart-line-items-block\" class=\"wp-block-woocommerce-cart-line-items-block\"><\/div>\n\n\n<\/div>\n\n\n\n<div data-block-name=\"woocommerce\/cart-totals-block\" class=\"wp-block-woocommerce-cart-totals-block\">\n<div data-block-name=\"woocommerce\/cart-order-summary-block\" class=\"wp-block-woocommerce-cart-order-summary-block\">\n<div data-block-name=\"woocommerce\/cart-order-summary-heading-block\" data-content=\"Total no carrinho\" class=\"wp-block-woocommerce-cart-order-summary-heading-block\"><\/div>\n\n\n\n<div data-block-name=\"woocommerce\/cart-order-summary-coupon-form-block\" class=\"wp-block-woocommerce-cart-order-summary-coupon-form-block\"><\/div>\n\n\n\n<div data-block-name=\"woocommerce\/cart-order-summary-totals-block\" class=\"wp-block-woocommerce-cart-order-summary-totals-block\">\n<div data-block-name=\"woocommerce\/cart-order-summary-subtotal-block\" class=\"wp-block-woocommerce-cart-order-summary-subtotal-block\"><\/div>\n\n\n\n<div data-block-name=\"woocommerce\/cart-order-summary-fee-block\" class=\"wp-block-woocommerce-cart-order-summary-fee-block\"><\/div>\n\n\n\n<div data-block-name=\"woocommerce\/cart-order-summary-discount-block\" class=\"wp-block-woocommerce-cart-order-summary-discount-block\"><\/div>\n\n\n\n<div data-block-name=\"woocommerce\/cart-order-summary-shipping-block\" class=\"wp-block-woocommerce-cart-order-summary-shipping-block\"><\/div>\n\n\n\n<div data-block-name=\"woocommerce\/cart-order-summary-taxes-block\" class=\"wp-block-woocommerce-cart-order-summary-taxes-block\"><\/div>\n<\/div>\n<\/div>\n\n\n\n<div data-block-name=\"woocommerce\/cart-express-payment-block\" class=\"wp-block-woocommerce-cart-express-payment-block\"><\/div>\n\n\n\n<div data-block-name=\"woocommerce\/proceed-to-checkout-block\" class=\"wp-block-woocommerce-proceed-to-checkout-block\"><\/div>\n\n\n\n<div data-block-name=\"woocommerce\/cart-accepted-payment-methods-block\" class=\"wp-block-woocommerce-cart-accepted-payment-methods-block\"><\/div>\n<\/div>\n<\/div>\n\n\n\n<div data-block-name=\"woocommerce\/empty-cart-block\" class=\"wp-block-woocommerce-empty-cart-block\">\n<h2 class=\"wp-block-heading has-text-align-center with-empty-cart-icon wc-block-cart__empty-cart__title\">Your cart is currently empty!<\/h2>\n\n\n\n<hr class=\"wp-block-separator has-alpha-channel-opacity is-style-dots\"\/>\n\n\n\n<h2 class=\"wp-block-heading has-text-align-center\">New in store<\/h2>\n\n\n<\/div>\n<\/div>","protected":false},"excerpt":{"rendered":"","protected":false},"author":1,"featured_media":0,"parent":0,"menu_order":0,"comment_status":"closed","ping_status":"closed","template":"","meta":{"footnotes":""},"class_list":["post-16988","page","type-page","status-publish","hentry","layout-1","product-add-to-cart-ajax"],"yoast_head":"<!-- This site is optimized with the Yoast SEO plugin v27.2 - https:\/\/yoast.com\/product\/yoast-seo-wordpress\/ -->\n<title>Carrinho - Meet the Portuguese<\/title>\n<meta name=\"robots\" content=\"noindex, nofollow\" \/>\n<meta property=\"og:locale\" content=\"en_US\" \/>\n<meta property=\"og:type\" content=\"article\" \/>\n<meta property=\"og:title\" content=\"Carrinho - Meet the Portuguese\" \/>\n<meta property=\"og:url\" content=\"https:\/\/mtp-tours.com\/en\/carrinho\/\" \/>\n<meta property=\"og:site_name\" content=\"Meet the Portuguese\" \/>\n<meta property=\"article:publisher\" content=\"https:\/\/www.facebook.com\/mtptours\/\" \/>\n<meta property=\"article:modified_time\" content=\"2026-03-06T11:15:34+00:00\" \/>\n<meta name=\"twitter:card\" content=\"summary_large_image\" \/>\n<meta name=\"twitter:label1\" content=\"Est. reading time\" \/>\n\t<meta name=\"twitter:data1\" content=\"1 minute\" \/>\n<script type=\"application\/ld+json\" class=\"yoast-schema-graph\">{\"@context\":\"https:\/\/schema.org\",\"@graph\":[{\"@type\":\"WebPage\",\"@id\":\"https:\/\/mtp-tours.com\/carrinho\/\",\"url\":\"https:\/\/mtp-tours.com\/carrinho\/\",\"name\":\"Carrinho - Meet the Portuguese\",\"isPartOf\":{\"@id\":\"https:\/\/mtp-tours.com\/#website\"},\"datePublished\":\"2025-10-30T16:19:07+00:00\",\"dateModified\":\"2026-03-06T11:15:34+00:00\",\"breadcrumb\":{\"@id\":\"https:\/\/mtp-tours.com\/carrinho\/#breadcrumb\"},\"inLanguage\":\"en-US\",\"potentialAction\":[{\"@type\":\"ReadAction\",\"target\":[\"https:\/\/mtp-tours.com\/carrinho\/\"]}]},{\"@type\":\"BreadcrumbList\",\"@id\":\"https:\/\/mtp-tours.com\/carrinho\/#breadcrumb\",\"itemListElement\":[{\"@type\":\"ListItem\",\"position\":1,\"name\":\"In\u00edcio\",\"item\":\"https:\/\/mtp-tours.com\/\"},{\"@type\":\"ListItem\",\"position\":2,\"name\":\"Carrinho\"}]},{\"@type\":\"WebSite\",\"@id\":\"https:\/\/mtp-tours.com\/#website\",\"url\":\"https:\/\/mtp-tours.com\/\",\"name\":\"Meet the Portuguese\",\"description\":\"Descubra o Portugal aut\u00eantico com guias locais. Tours privados em Lisboa, Sintra, Alentejo, Arr\u00e1bida e mais. Experi\u00eancias \u00fanicas de cultura e gastronomia.\",\"publisher\":{\"@id\":\"https:\/\/mtp-tours.com\/#organization\"},\"potentialAction\":[{\"@type\":\"SearchAction\",\"target\":{\"@type\":\"EntryPoint\",\"urlTemplate\":\"https:\/\/mtp-tours.com\/?s={search_term_string}\"},\"query-input\":{\"@type\":\"PropertyValueSpecification\",\"valueRequired\":true,\"valueName\":\"search_term_string\"}}],\"inLanguage\":\"en-US\"},{\"@type\":\"Organization\",\"@id\":\"https:\/\/mtp-tours.com\/#organization\",\"name\":\"Meet the Portuguese\",\"url\":\"https:\/\/mtp-tours.com\/\",\"logo\":{\"@type\":\"ImageObject\",\"inLanguage\":\"en-US\",\"@id\":\"https:\/\/mtp-tours.com\/#\/schema\/logo\/image\/\",\"url\":\"https:\/\/mtp-tours.com\/wp-content\/uploads\/2025\/11\/logo.png\",\"contentUrl\":\"https:\/\/mtp-tours.com\/wp-content\/uploads\/2025\/11\/logo.png\",\"width\":600,\"height\":238,\"caption\":\"Meet the Portuguese\"},\"image\":{\"@id\":\"https:\/\/mtp-tours.com\/#\/schema\/logo\/image\/\"},\"sameAs\":[\"https:\/\/www.facebook.com\/mtptours\/\",\"https:\/\/www.instagram.com\/mtptours\",\"https:\/\/www.youtube.com\/@MeetthePortuguese\",\"https:\/\/www.tiktok.com\/@mtptours\",\"https:\/\/www.linkedin.com\/company\/mtp-tours\/\"]}]}<\/script>\n<!-- \/ Yoast SEO plugin. -->","yoast_head_json":{"title":"Carrinho - Meet the Portuguese","robots":{"index":"noindex","follow":"nofollow"},"og_locale":"en_US","og_type":"article","og_title":"Carrinho - Meet the Portuguese","og_url":"https:\/\/mtp-tours.com\/en\/carrinho\/","og_site_name":"Meet the Portuguese","article_publisher":"https:\/\/www.facebook.com\/mtptours\/","article_modified_time":"2026-03-06T11:15:34+00:00","twitter_card":"summary_large_image","twitter_misc":{"Est. reading time":"1 minute"},"schema":{"@context":"https:\/\/schema.org","@graph":[{"@type":"WebPage","@id":"https:\/\/mtp-tours.com\/carrinho\/","url":"https:\/\/mtp-tours.com\/carrinho\/","name":"Carrinho - Meet the Portuguese","isPartOf":{"@id":"https:\/\/mtp-tours.com\/#website"},"datePublished":"2025-10-30T16:19:07+00:00","dateModified":"2026-03-06T11:15:34+00:00","breadcrumb":{"@id":"https:\/\/mtp-tours.com\/carrinho\/#breadcrumb"},"inLanguage":"en-US","potentialAction":[{"@type":"ReadAction","target":["https:\/\/mtp-tours.com\/carrinho\/"]}]},{"@type":"BreadcrumbList","@id":"https:\/\/mtp-tours.com\/carrinho\/#breadcrumb","itemListElement":[{"@type":"ListItem","position":1,"name":"In\u00edcio","item":"https:\/\/mtp-tours.com\/"},{"@type":"ListItem","position":2,"name":"Carrinho"}]},{"@type":"WebSite","@id":"https:\/\/mtp-tours.com\/#website","url":"https:\/\/mtp-tours.com\/","name":"Meet the Portuguese","description":"Discover authentic Portugal with local guides. Private tours in Lisbon, Sintra, Alentejo, Arr\u00e1bida and more. Unique cultural and gastronomic experiences.","publisher":{"@id":"https:\/\/mtp-tours.com\/#organization"},"potentialAction":[{"@type":"SearchAction","target":{"@type":"EntryPoint","urlTemplate":"https:\/\/mtp-tours.com\/?s={search_term_string}"},"query-input":{"@type":"PropertyValueSpecification","valueRequired":true,"valueName":"search_term_string"}}],"inLanguage":"en-US"},{"@type":"Organization","@id":"https:\/\/mtp-tours.com\/#organization","name":"Meet the Portuguese","url":"https:\/\/mtp-tours.com\/","logo":{"@type":"ImageObject","inLanguage":"en-US","@id":"https:\/\/mtp-tours.com\/#\/schema\/logo\/image\/","url":"https:\/\/mtp-tours.com\/wp-content\/uploads\/2025\/11\/logo.png","contentUrl":"https:\/\/mtp-tours.com\/wp-content\/uploads\/2025\/11\/logo.png","width":600,"height":238,"caption":"Meet the Portuguese"},"image":{"@id":"https:\/\/mtp-tours.com\/#\/schema\/logo\/image\/"},"sameAs":["https:\/\/www.facebook.com\/mtptours\/","https:\/\/www.instagram.com\/mtptours","https:\/\/www.youtube.com\/@MeetthePortuguese","https:\/\/www.tiktok.com\/@mtptours","https:\/\/www.linkedin.com\/company\/mtp-tours\/"]}]}},"_links":{"self":[{"href":"https:\/\/mtp-tours.com\/en\/wp-json\/wp\/v2\/pages\/16988","targetHints":{"allow":["GET"]}}],"collection":[{"href":"https:\/\/mtp-tours.com\/en\/wp-json\/wp\/v2\/pages"}],"about":[{"href":"https:\/\/mtp-tours.com\/en\/wp-json\/wp\/v2\/types\/page"}],"author":[{"embeddable":true,"href":"https:\/\/mtp-tours.com\/en\/wp-json\/wp\/v2\/users\/1"}],"replies":[{"embeddable":true,"href":"https:\/\/mtp-tours.com\/en\/wp-json\/wp\/v2\/comments?post=16988"}],"version-history":[{"count":2,"href":"https:\/\/mtp-tours.com\/en\/wp-json\/wp\/v2\/pages\/16988\/revisions"}],"predecessor-version":[{"id":23357,"href":"https:\/\/mtp-tours.com\/en\/wp-json\/wp\/v2\/pages\/16988\/revisions\/23357"}],"wp:attachment":[{"href":"https:\/\/mtp-tours.com\/en\/wp-json\/wp\/v2\/media?parent=16988"}],"curies":[{"name":"wp","href":"https:\/\/api.w.org\/{rel}","templated":true}]}}