{"id":18,"date":"2026-01-27T15:49:03","date_gmt":"2026-01-27T15:49:03","guid":{"rendered":"http:\/\/travelami.templaza.net\/?page_id=18"},"modified":"2026-03-04T19:07:30","modified_gmt":"2026-03-04T19:07:30","slug":"terms-and-conditions","status":"publish","type":"page","link":"https:\/\/mtp-tours.com\/en\/termos-e-condicoes\/","title":{"rendered":"Terms and conditions"},"content":{"rendered":"<p><strong>Last updated:<\/strong> January 12th, 2026<\/p>\n\n\n\n<hr class=\"wp-block-separator has-alpha-channel-opacity\"\/>\n\n\n\n<h2 class=\"wp-block-heading\">1. Scope and Object of the General Store Conditions<\/h2>\n\n\n\n<p><strong>1.1<\/strong> These General Conditions are intended to regulate the terms and conditions governing the provision of the Service <strong>Meet the Portuguese<\/strong> (hereinafter referred to as the \u201cService\u201d or \u201cStore\u201d), by the company <strong>Meet the Portuguese<\/strong>, with registered office at Rua Dom Dinis, n.\u00ba 154, 4.\u00ba Esq., 2785-723 S\u00e3o Domingos de Rana, registered at the competent Commercial Registry Office under the single registration and legal person identification number <strong>no. 518 618 528<\/strong>, hereinafter referred to as \u201cMeet the Portuguese\u201d.<\/p>\n\n\n\n<p><strong>1.2<\/strong> The Service consists of providing, via the address https:\/\/mtp-tours.com, access to the Website that provides information on a range of tourism products and\/or services, allowing the User to book Tours electronically, under the terms and conditions described herein.<\/p>\n\n\n\n<p><strong>1.3<\/strong> Tours must be booked by Users aged 18 (eighteen) or over. Underage Users must be duly authorized by their legal representatives.<\/p>\n\n\n\n<p><strong>1.4<\/strong> By accessing and using the Website, the User declares to have read, understood and fully accepted these General Conditions.<\/p>\n\n\n\n<p><strong>1.5<\/strong> If the User does not agree with these General Conditions, he\/she must refrain from using the Website and its Services.<\/p>\n\n\n\n<p><strong>1.6<\/strong> Meet the Portuguese reserves the right to change these Terms and Conditions at any time, with the date of the last update duly indicated.<\/p>\n\n\n\n<hr class=\"wp-block-separator has-alpha-channel-opacity\"\/>\n\n\n\n<h2 class=\"wp-block-heading\">2. Product Information and Content<\/h2>\n\n\n\n<p><strong>2.1<\/strong> Meet the Portuguese will make every effort to ensure that the information presented on the Website is free of typographical errors or inaccuracies. In the event of any relevant non-conformity, the User may exercise their rights under the applicable legal terms.<\/p>\n\n\n\n<p><strong>2.2<\/strong> In exceptional situations and for reasons beyond the control of Meet the Portuguese, it may not be possible to guarantee the booking of the Tour under the conditions initially requested, and the User will be duly informed and may choose to cancel the booking with a refund of the amount paid.<\/p>\n\n\n\n<p><strong>2.3<\/strong> Meet the Portuguese reserves the right to change prices, tour characteristics, content, promotional actions and services at any time.<\/p>\n\n\n\n<hr class=\"wp-block-separator has-alpha-channel-opacity\"\/>\n\n\n\n<h2 class=\"wp-block-heading\">3. Responsibilities<\/h2>\n\n\n\n<p><strong>3.1<\/strong> All services marketed by Meet the Portuguese comply with applicable Portuguese legislation.<\/p>\n\n\n\n<p><strong>3.2<\/strong> Meet the Portuguese shall not be liable for damages resulting from delays, interruptions, errors or suspensions of communications due to factors beyond its control.<\/p>\n\n\n\n<p><strong>3.3<\/strong> Use of the Service is presumed to have been made by the User, and Meet the Portuguese declines any responsibility arising from abusive or fraudulent use.<\/p>\n\n\n\n<p><strong>3.4<\/strong> Meet the Portuguese shall not be liable for any loss or damage for which it is not responsible through intent or gross negligence.<\/p>\n\n\n\n<p><strong>3.5<\/strong> Meet the Portuguese is not responsible for situations of force majeure, such as natural disasters, government decisions, strikes, armed conflicts, power failures or other extraordinary circumstances.<\/p>\n\n\n\n<p><strong>3.6<\/strong> The User accepts that Meet the Portuguese does not guarantee that the Service will be provided continuously, free from errors or interruptions.<\/p>\n\n\n\n<p><strong>3.7<\/strong> Meet the Portuguese cannot be held liable for indirect damages, loss of profits or loss of data resulting from the use or inability to use the Service.<\/p>\n\n\n\n<p><strong>3.8 Health and Safety<\/strong><\/p>\n\n\n\n<p>The User acknowledges and accepts that participation in the Tours is at his\/her own risk and that he\/she is entirely responsible for his\/her own health and safety during the Tours.<\/p>\n\n\n\n<p>The User undertakes to inform Meet the Portuguese in advance of any medical conditions, physical limitations, special needs or other relevant circumstances that may affect their participation in the Tour, in order to allow, whenever possible, the adequate preparation and adaptation of the Service. The omission or inaccuracy of this information exonerates Meet the Portuguese from any responsibility for incidents, damages or losses that may result.<\/p>\n\n\n\n<p>Without prejudice to the provisions of the preceding paragraphs, participants are covered by Personal Accident Insurance, under the legally applicable terms and conditions of the respective policy, which does not exempt the User from adopting all precautions and diligent behavior appropriate to their personal safety.<\/p>\n\n\n\n<hr class=\"wp-block-separator has-alpha-channel-opacity\"\/>\n\n\n\n<h2 class=\"wp-block-heading\">4. User obligations<\/h2>\n\n\n\n<p><strong>4.1<\/strong> The User undertakes to provide true, complete and up-to-date data, as well as to respect all the rules of participation in the Tours.<\/p>\n\n\n\n<p><strong>4.2<\/strong> Failure to comply with the obligations assumed may result in the cancellation of the appointment, without the right to a refund, as well as the refusal of future appointments.<\/p>\n\n\n\n<hr class=\"wp-block-separator has-alpha-channel-opacity\"\/>\n\n\n\n<h2 class=\"wp-block-heading\">5. Privacy and Personal Data Protection<\/h2>\n\n\n\n<p>Personal data is processed in accordance with the applicable legislation, namely the General Data Protection Regulation (GDPR). The User can consult the Privacy and Cookies Policy available on the Website.<\/p>\n\n\n\n<hr class=\"wp-block-separator has-alpha-channel-opacity\"\/>\n\n\n\n<h2 class=\"wp-block-heading\">6. Confirmation and punctuality<\/h2>\n\n\n\n<p><strong>6.1<\/strong> After payment, the User will receive confirmation of the date, time and place of the Tour.<\/p>\n\n\n\n<p><strong>6.2<\/strong> The User undertakes to show up at the agreed location at least 20 (twenty) minutes in advance.<\/p>\n\n\n\n<p><strong>6.3<\/strong> The User's lateness or non-attendance may result in the loss of the right to participate in the Tour, and such a situation will be considered <strong>no-show<\/strong>, There will be no reimbursement.<\/p>\n\n\n\n<hr class=\"wp-block-separator has-alpha-channel-opacity\"\/>\n\n\n\n<h2 class=\"wp-block-heading\">7. Canceling appointments<\/h2>\n\n\n\n<p><strong>7.1<\/strong> Cancellation at the User's initiative must be requested up to 24 hours before the Tour takes place.<\/p>\n\n\n\n<p><strong>7.2<\/strong> Cancellations made less than 24 hours in advance are not eligible for a refund.<\/p>\n\n\n\n<p><strong>7.3<\/strong> Meet the Portuguese reserves the right to cancel or change Tours for operational, safety or force majeure reasons, assuring the User of the possibility of a refund or rescheduling.<\/p>\n\n\n\n<hr class=\"wp-block-separator has-alpha-channel-opacity\"\/>\n\n\n\n<h2 class=\"wp-block-heading\">8. Payment<\/h2>\n\n\n\n<p>The Services must be paid for in advance using the means provided on the Website.<\/p>\n\n\n\n<hr class=\"wp-block-separator has-alpha-channel-opacity\"\/>\n\n\n\n<h2 class=\"wp-block-heading\">9. Prices and invoicing<\/h2>\n\n\n\n<p>The prices shown include VAT at the legal rate in force. If the user wishes to be invoiced with a VAT number, they must provide this information when booking.<\/p>\n\n\n\n<hr class=\"wp-block-separator has-alpha-channel-opacity\"\/>\n\n\n\n<h2 class=\"wp-block-heading\">10. Intellectual property<\/h2>\n\n\n\n<p>All the contents of the Website are protected by copyright and industrial property and may not be used without prior authorization.<\/p>\n\n\n\n<hr class=\"wp-block-separator has-alpha-channel-opacity\"\/>\n\n\n\n<h2 class=\"wp-block-heading\">11. Complaints and Dispute Resolution<\/h2>\n\n\n\n<p>The User may resort to the alternative dispute resolution mechanisms legally provided for.<\/p>\n\n\n\n<hr class=\"wp-block-separator has-alpha-channel-opacity\"\/>\n\n\n\n<h2 class=\"wp-block-heading\">12. Applicable Law<\/h2>\n\n\n\n<p>These General Conditions are governed by Portuguese law. In the event of divergence between language versions, the Portuguese language version shall prevail.<\/p>","protected":false},"excerpt":{"rendered":"<p>\u00daltima atualiza\u00e7\u00e3o: 12 de janeiro de 2026 1. \u00c2mbito e Objeto das Condi\u00e7\u00f5es Gerais da Loja 1.1 As presentes Condi\u00e7\u00f5es Gerais destinam-se a regular os termos e as condi\u00e7\u00f5es por que se reger\u00e1 a presta\u00e7\u00e3o do Servi\u00e7o Meet the Portuguese (doravante designado \u201cServi\u00e7o\u201d ou \u201cLoja\u201d), pela sociedade Meet the Portuguese, com sede na Rua Dom&hellip; <a class=\"more-link\" href=\"https:\/\/mtp-tours.com\/en\/termos-e-condicoes\/\">Continue reading <span class=\"screen-reader-text\">Terms and conditions<\/span><\/a><\/p>","protected":false},"author":1,"featured_media":0,"parent":0,"menu_order":0,"comment_status":"closed","ping_status":"closed","template":"","meta":{"footnotes":""},"class_list":["post-18","page","type-page","status-publish","hentry","layout-1","product-add-to-cart-ajax"],"yoast_head":"<!-- This site is optimized with the Yoast SEO plugin v27.2 - https:\/\/yoast.com\/product\/yoast-seo-wordpress\/ -->\n<title>Termos e Condi\u00e7\u00f5es | Meet the Portuguese<\/title>\n<meta name=\"description\" content=\"Consulte os termos e condi\u00e7\u00f5es dos nossos servi\u00e7os de tours em Portugal. Informa\u00e7\u00f5es sobre reservas, cancelamentos e pol\u00edticas gerais.\" \/>\n<meta name=\"robots\" content=\"index, follow, max-snippet:-1, max-image-preview:large, max-video-preview:-1\" \/>\n<link rel=\"canonical\" href=\"https:\/\/mtp-tours.com\/en\/terms-and-conditions\/\" \/>\n<meta property=\"og:locale\" content=\"en_US\" \/>\n<meta property=\"og:type\" content=\"article\" \/>\n<meta property=\"og:title\" content=\"Termos e Condi\u00e7\u00f5es | Meet the Portuguese\" \/>\n<meta property=\"og:description\" content=\"Consulte os termos e condi\u00e7\u00f5es dos nossos servi\u00e7os de tours em Portugal. Informa\u00e7\u00f5es sobre reservas, cancelamentos e pol\u00edticas gerais.\" \/>\n<meta property=\"og:url\" content=\"https:\/\/mtp-tours.com\/en\/terms-and-conditions\/\" \/>\n<meta property=\"og:site_name\" content=\"Meet the Portuguese\" \/>\n<meta property=\"article:publisher\" content=\"https:\/\/www.facebook.com\/mtptours\/\" \/>\n<meta property=\"article:modified_time\" content=\"2026-03-04T19:07:30+00:00\" \/>\n<meta name=\"twitter:card\" content=\"summary_large_image\" \/>\n<meta name=\"twitter:label1\" content=\"Est. reading time\" \/>\n\t<meta name=\"twitter:data1\" content=\"6 minutes\" \/>\n<script type=\"application\/ld+json\" class=\"yoast-schema-graph\">{\"@context\":\"https:\/\/schema.org\",\"@graph\":[{\"@type\":\"WebPage\",\"@id\":\"https:\/\/mtp-tours.com\/termos-e-condicoes\/\",\"url\":\"https:\/\/mtp-tours.com\/termos-e-condicoes\/\",\"name\":\"Termos e Condi\u00e7\u00f5es | Meet the Portuguese\",\"isPartOf\":{\"@id\":\"https:\/\/mtp-tours.com\/#website\"},\"datePublished\":\"2026-01-27T15:49:03+00:00\",\"dateModified\":\"2026-03-04T19:07:30+00:00\",\"description\":\"Consulte os termos e condi\u00e7\u00f5es dos nossos servi\u00e7os de tours em Portugal. Informa\u00e7\u00f5es sobre reservas, cancelamentos e pol\u00edticas gerais.\",\"breadcrumb\":{\"@id\":\"https:\/\/mtp-tours.com\/termos-e-condicoes\/#breadcrumb\"},\"inLanguage\":\"en-US\",\"potentialAction\":[{\"@type\":\"ReadAction\",\"target\":[\"https:\/\/mtp-tours.com\/termos-e-condicoes\/\"]}]},{\"@type\":\"BreadcrumbList\",\"@id\":\"https:\/\/mtp-tours.com\/termos-e-condicoes\/#breadcrumb\",\"itemListElement\":[{\"@type\":\"ListItem\",\"position\":1,\"name\":\"In\u00edcio\",\"item\":\"https:\/\/mtp-tours.com\/\"},{\"@type\":\"ListItem\",\"position\":2,\"name\":\"Termos e Condi\u00e7\u00f5es\"}]},{\"@type\":\"WebSite\",\"@id\":\"https:\/\/mtp-tours.com\/#website\",\"url\":\"https:\/\/mtp-tours.com\/\",\"name\":\"Meet the Portuguese\",\"description\":\"Descubra o Portugal aut\u00eantico com guias locais. Tours privados em Lisboa, Sintra, Alentejo, Arr\u00e1bida e mais. Experi\u00eancias \u00fanicas de cultura e gastronomia.\",\"publisher\":{\"@id\":\"https:\/\/mtp-tours.com\/#organization\"},\"potentialAction\":[{\"@type\":\"SearchAction\",\"target\":{\"@type\":\"EntryPoint\",\"urlTemplate\":\"https:\/\/mtp-tours.com\/?s={search_term_string}\"},\"query-input\":{\"@type\":\"PropertyValueSpecification\",\"valueRequired\":true,\"valueName\":\"search_term_string\"}}],\"inLanguage\":\"en-US\"},{\"@type\":\"Organization\",\"@id\":\"https:\/\/mtp-tours.com\/#organization\",\"name\":\"Meet the Portuguese\",\"url\":\"https:\/\/mtp-tours.com\/\",\"logo\":{\"@type\":\"ImageObject\",\"inLanguage\":\"en-US\",\"@id\":\"https:\/\/mtp-tours.com\/#\/schema\/logo\/image\/\",\"url\":\"https:\/\/mtp-tours.com\/wp-content\/uploads\/2025\/11\/logo.png\",\"contentUrl\":\"https:\/\/mtp-tours.com\/wp-content\/uploads\/2025\/11\/logo.png\",\"width\":600,\"height\":238,\"caption\":\"Meet the Portuguese\"},\"image\":{\"@id\":\"https:\/\/mtp-tours.com\/#\/schema\/logo\/image\/\"},\"sameAs\":[\"https:\/\/www.facebook.com\/mtptours\/\",\"https:\/\/www.instagram.com\/mtptours\",\"https:\/\/www.youtube.com\/@MeetthePortuguese\",\"https:\/\/www.tiktok.com\/@mtptours\",\"https:\/\/www.linkedin.com\/company\/mtp-tours\/\"]}]}<\/script>\n<!-- \/ Yoast SEO plugin. -->","yoast_head_json":{"title":"Terms &amp; Conditions | Meet the Portuguese","description":"Read our terms and conditions for tour services in Portugal. Information about bookings, cancellations and general policies.","robots":{"index":"index","follow":"follow","max-snippet":"max-snippet:-1","max-image-preview":"max-image-preview:large","max-video-preview":"max-video-preview:-1"},"canonical":"https:\/\/mtp-tours.com\/en\/terms-and-conditions\/","og_locale":"en_US","og_type":"article","og_title":"Termos e Condi\u00e7\u00f5es | Meet the Portuguese","og_description":"Consulte os termos e condi\u00e7\u00f5es dos nossos servi\u00e7os de tours em Portugal. Informa\u00e7\u00f5es sobre reservas, cancelamentos e pol\u00edticas gerais.","og_url":"https:\/\/mtp-tours.com\/en\/terms-and-conditions\/","og_site_name":"Meet the Portuguese","article_publisher":"https:\/\/www.facebook.com\/mtptours\/","article_modified_time":"2026-03-04T19:07:30+00:00","twitter_card":"summary_large_image","twitter_misc":{"Est. reading time":"6 minutes"},"schema":{"@context":"https:\/\/schema.org","@graph":[{"@type":"WebPage","@id":"https:\/\/mtp-tours.com\/termos-e-condicoes\/","url":"https:\/\/mtp-tours.com\/termos-e-condicoes\/","name":"Terms &amp; Conditions | Meet the Portuguese","isPartOf":{"@id":"https:\/\/mtp-tours.com\/#website"},"datePublished":"2026-01-27T15:49:03+00:00","dateModified":"2026-03-04T19:07:30+00:00","description":"Read our terms and conditions for tour services in Portugal. Information about bookings, cancellations and general policies.","breadcrumb":{"@id":"https:\/\/mtp-tours.com\/termos-e-condicoes\/#breadcrumb"},"inLanguage":"en-US","potentialAction":[{"@type":"ReadAction","target":["https:\/\/mtp-tours.com\/termos-e-condicoes\/"]}]},{"@type":"BreadcrumbList","@id":"https:\/\/mtp-tours.com\/termos-e-condicoes\/#breadcrumb","itemListElement":[{"@type":"ListItem","position":1,"name":"In\u00edcio","item":"https:\/\/mtp-tours.com\/"},{"@type":"ListItem","position":2,"name":"Termos e Condi\u00e7\u00f5es"}]},{"@type":"WebSite","@id":"https:\/\/mtp-tours.com\/#website","url":"https:\/\/mtp-tours.com\/","name":"Meet the Portuguese","description":"Discover authentic Portugal with local guides. Private tours in Lisbon, Sintra, Alentejo, Arr\u00e1bida and more. Unique cultural and gastronomic experiences.","publisher":{"@id":"https:\/\/mtp-tours.com\/#organization"},"potentialAction":[{"@type":"SearchAction","target":{"@type":"EntryPoint","urlTemplate":"https:\/\/mtp-tours.com\/?s={search_term_string}"},"query-input":{"@type":"PropertyValueSpecification","valueRequired":true,"valueName":"search_term_string"}}],"inLanguage":"en-US"},{"@type":"Organization","@id":"https:\/\/mtp-tours.com\/#organization","name":"Meet the Portuguese","url":"https:\/\/mtp-tours.com\/","logo":{"@type":"ImageObject","inLanguage":"en-US","@id":"https:\/\/mtp-tours.com\/#\/schema\/logo\/image\/","url":"https:\/\/mtp-tours.com\/wp-content\/uploads\/2025\/11\/logo.png","contentUrl":"https:\/\/mtp-tours.com\/wp-content\/uploads\/2025\/11\/logo.png","width":600,"height":238,"caption":"Meet the Portuguese"},"image":{"@id":"https:\/\/mtp-tours.com\/#\/schema\/logo\/image\/"},"sameAs":["https:\/\/www.facebook.com\/mtptours\/","https:\/\/www.instagram.com\/mtptours","https:\/\/www.youtube.com\/@MeetthePortuguese","https:\/\/www.tiktok.com\/@mtptours","https:\/\/www.linkedin.com\/company\/mtp-tours\/"]}]}},"_links":{"self":[{"href":"https:\/\/mtp-tours.com\/en\/wp-json\/wp\/v2\/pages\/18","targetHints":{"allow":["GET"]}}],"collection":[{"href":"https:\/\/mtp-tours.com\/en\/wp-json\/wp\/v2\/pages"}],"about":[{"href":"https:\/\/mtp-tours.com\/en\/wp-json\/wp\/v2\/types\/page"}],"author":[{"embeddable":true,"href":"https:\/\/mtp-tours.com\/en\/wp-json\/wp\/v2\/users\/1"}],"replies":[{"embeddable":true,"href":"https:\/\/mtp-tours.com\/en\/wp-json\/wp\/v2\/comments?post=18"}],"version-history":[{"count":2,"href":"https:\/\/mtp-tours.com\/en\/wp-json\/wp\/v2\/pages\/18\/revisions"}],"predecessor-version":[{"id":23280,"href":"https:\/\/mtp-tours.com\/en\/wp-json\/wp\/v2\/pages\/18\/revisions\/23280"}],"wp:attachment":[{"href":"https:\/\/mtp-tours.com\/en\/wp-json\/wp\/v2\/media?parent=18"}],"curies":[{"name":"wp","href":"https:\/\/api.w.org\/{rel}","templated":true}]}}