{"id":23699,"date":"2026-03-16T16:10:49","date_gmt":"2026-03-16T16:10:49","guid":{"rendered":"https:\/\/mtp-tours.com\/?page_id=23699"},"modified":"2026-03-16T16:11:54","modified_gmt":"2026-03-16T16:11:54","slug":"impressum","status":"publish","type":"page","link":"https:\/\/mtp-tours.com\/en\/impressum\/","title":{"rendered":"Impressum"},"content":{"rendered":"<p>Angaben gem\u00e4\u00df \u00a7 5 TMG<\/p>\n\n\n\n<p><strong>Meet the Portuguese<\/strong><br>Rua Dom Dinis, n.\u00ba 154, 4.\u00ba Esq.<br>2785-723 S\u00e3o Domingos de Rana<br>Portugal<\/p>\n\n\n\n<p><strong>Vertreten durch:<br><\/strong>Nuno Ferreira<\/p>\n\n\n\n<p><strong>Kontakt:<br>Telefon:<\/strong> +351 928 405 920<br><strong>E-Mail:<\/strong> info@mtp-tours.com<br><strong>Umsatzsteuer-Identifikationsnummer:<\/strong> PT 518 618 528<\/p>\n\n\n\n<p><strong>Verantwortlich f\u00fcr den Inhalt der Website:<br><\/strong>Nuno Ferreira<\/p>","protected":false},"excerpt":{"rendered":"<p>Angaben gem\u00e4\u00df \u00a7 5 TMG Meet the PortugueseRua Dom Dinis, n.\u00ba 154, 4.\u00ba Esq.2785-723 S\u00e3o Domingos de RanaPortugal Vertreten durch:Nuno Ferreira Kontakt:Telefon: +351 928 405 920E-Mail: info@mtp-tours.comUmsatzsteuer-Identifikationsnummer: PT 518 618 528 Verantwortlich f\u00fcr den Inhalt der Website:Nuno Ferreira<\/p>","protected":false},"author":1,"featured_media":0,"parent":0,"menu_order":0,"comment_status":"closed","ping_status":"closed","template":"","meta":{"footnotes":""},"class_list":["post-23699","page","type-page","status-publish","hentry","layout-1","product-add-to-cart-ajax"],"yoast_head":"<!-- This site is optimized with the Yoast SEO plugin v27.2 - https:\/\/yoast.com\/product\/yoast-seo-wordpress\/ -->\n<title>Impressum | Meet the Portuguese<\/title>\n<meta name=\"robots\" content=\"index, follow, max-snippet:-1, max-image-preview:large, max-video-preview:-1\" \/>\n<link rel=\"canonical\" href=\"https:\/\/mtp-tours.com\/en\/impressum\/\" \/>\n<meta property=\"og:locale\" content=\"en_US\" \/>\n<meta property=\"og:type\" content=\"article\" \/>\n<meta property=\"og:title\" content=\"Impressum | Meet the Portuguese\" \/>\n<meta property=\"og:description\" content=\"Angaben gem\u00e4\u00df \u00a7 5 TMG Meet the PortugueseRua Dom Dinis, n.\u00ba 154, 4.\u00ba Esq.2785-723 S\u00e3o Domingos de RanaPortugal Vertreten durch:Nuno Ferreira Kontakt:Telefon: +351 928 405 920E-Mail: info@mtp-tours.comUmsatzsteuer-Identifikationsnummer: PT 518 618 528 Verantwortlich f\u00fcr den Inhalt der Website:Nuno Ferreira\" \/>\n<meta property=\"og:url\" content=\"https:\/\/mtp-tours.com\/en\/impressum\/\" \/>\n<meta property=\"og:site_name\" content=\"Meet the Portuguese\" \/>\n<meta property=\"article:publisher\" content=\"https:\/\/www.facebook.com\/mtptours\/\" \/>\n<meta property=\"article:modified_time\" content=\"2026-03-16T16:11:54+00:00\" \/>\n<meta name=\"twitter:card\" content=\"summary_large_image\" \/>\n<meta name=\"twitter:label1\" content=\"Est. reading time\" \/>\n\t<meta name=\"twitter:data1\" content=\"1 minute\" \/>\n<script type=\"application\/ld+json\" class=\"yoast-schema-graph\">{\"@context\":\"https:\/\/schema.org\",\"@graph\":[{\"@type\":\"WebPage\",\"@id\":\"https:\/\/mtp-tours.com\/impressum\/\",\"url\":\"https:\/\/mtp-tours.com\/impressum\/\",\"name\":\"Impressum | Meet the Portuguese\",\"isPartOf\":{\"@id\":\"https:\/\/mtp-tours.com\/#website\"},\"datePublished\":\"2026-03-16T16:10:49+00:00\",\"dateModified\":\"2026-03-16T16:11:54+00:00\",\"breadcrumb\":{\"@id\":\"https:\/\/mtp-tours.com\/impressum\/#breadcrumb\"},\"inLanguage\":\"en-US\",\"potentialAction\":[{\"@type\":\"ReadAction\",\"target\":[\"https:\/\/mtp-tours.com\/impressum\/\"]}]},{\"@type\":\"BreadcrumbList\",\"@id\":\"https:\/\/mtp-tours.com\/impressum\/#breadcrumb\",\"itemListElement\":[{\"@type\":\"ListItem\",\"position\":1,\"name\":\"In\u00edcio\",\"item\":\"https:\/\/mtp-tours.com\/\"},{\"@type\":\"ListItem\",\"position\":2,\"name\":\"Impressum\"}]},{\"@type\":\"WebSite\",\"@id\":\"https:\/\/mtp-tours.com\/#website\",\"url\":\"https:\/\/mtp-tours.com\/\",\"name\":\"Meet the Portuguese\",\"description\":\"Descubra o Portugal aut\u00eantico com guias locais. Tours privados em Lisboa, Sintra, Alentejo, Arr\u00e1bida e mais. Experi\u00eancias \u00fanicas de cultura e gastronomia.\",\"publisher\":{\"@id\":\"https:\/\/mtp-tours.com\/#organization\"},\"potentialAction\":[{\"@type\":\"SearchAction\",\"target\":{\"@type\":\"EntryPoint\",\"urlTemplate\":\"https:\/\/mtp-tours.com\/?s={search_term_string}\"},\"query-input\":{\"@type\":\"PropertyValueSpecification\",\"valueRequired\":true,\"valueName\":\"search_term_string\"}}],\"inLanguage\":\"en-US\"},{\"@type\":\"Organization\",\"@id\":\"https:\/\/mtp-tours.com\/#organization\",\"name\":\"Meet the Portuguese\",\"url\":\"https:\/\/mtp-tours.com\/\",\"logo\":{\"@type\":\"ImageObject\",\"inLanguage\":\"en-US\",\"@id\":\"https:\/\/mtp-tours.com\/#\/schema\/logo\/image\/\",\"url\":\"https:\/\/mtp-tours.com\/wp-content\/uploads\/2025\/11\/logo.png\",\"contentUrl\":\"https:\/\/mtp-tours.com\/wp-content\/uploads\/2025\/11\/logo.png\",\"width\":600,\"height\":238,\"caption\":\"Meet the Portuguese\"},\"image\":{\"@id\":\"https:\/\/mtp-tours.com\/#\/schema\/logo\/image\/\"},\"sameAs\":[\"https:\/\/www.facebook.com\/mtptours\/\",\"https:\/\/www.instagram.com\/mtptours\",\"https:\/\/www.youtube.com\/@MeetthePortuguese\",\"https:\/\/www.tiktok.com\/@mtptours\",\"https:\/\/www.linkedin.com\/company\/mtp-tours\/\"]}]}<\/script>\n<!-- \/ Yoast SEO plugin. -->","yoast_head_json":{"title":"Impressum | Meet the Portuguese","robots":{"index":"index","follow":"follow","max-snippet":"max-snippet:-1","max-image-preview":"max-image-preview:large","max-video-preview":"max-video-preview:-1"},"canonical":"https:\/\/mtp-tours.com\/en\/impressum\/","og_locale":"en_US","og_type":"article","og_title":"Impressum | Meet the Portuguese","og_description":"Angaben gem\u00e4\u00df \u00a7 5 TMG Meet the PortugueseRua Dom Dinis, n.\u00ba 154, 4.\u00ba Esq.2785-723 S\u00e3o Domingos de RanaPortugal Vertreten durch:Nuno Ferreira Kontakt:Telefon: +351 928 405 920E-Mail: info@mtp-tours.comUmsatzsteuer-Identifikationsnummer: PT 518 618 528 Verantwortlich f\u00fcr den Inhalt der Website:Nuno Ferreira","og_url":"https:\/\/mtp-tours.com\/en\/impressum\/","og_site_name":"Meet the Portuguese","article_publisher":"https:\/\/www.facebook.com\/mtptours\/","article_modified_time":"2026-03-16T16:11:54+00:00","twitter_card":"summary_large_image","twitter_misc":{"Est. reading time":"1 minute"},"schema":{"@context":"https:\/\/schema.org","@graph":[{"@type":"WebPage","@id":"https:\/\/mtp-tours.com\/impressum\/","url":"https:\/\/mtp-tours.com\/impressum\/","name":"Impressum | Meet the Portuguese","isPartOf":{"@id":"https:\/\/mtp-tours.com\/#website"},"datePublished":"2026-03-16T16:10:49+00:00","dateModified":"2026-03-16T16:11:54+00:00","breadcrumb":{"@id":"https:\/\/mtp-tours.com\/impressum\/#breadcrumb"},"inLanguage":"en-US","potentialAction":[{"@type":"ReadAction","target":["https:\/\/mtp-tours.com\/impressum\/"]}]},{"@type":"BreadcrumbList","@id":"https:\/\/mtp-tours.com\/impressum\/#breadcrumb","itemListElement":[{"@type":"ListItem","position":1,"name":"In\u00edcio","item":"https:\/\/mtp-tours.com\/"},{"@type":"ListItem","position":2,"name":"Impressum"}]},{"@type":"WebSite","@id":"https:\/\/mtp-tours.com\/#website","url":"https:\/\/mtp-tours.com\/","name":"Meet the Portuguese","description":"Discover authentic Portugal with local guides. Private tours in Lisbon, Sintra, Alentejo, Arr\u00e1bida and more. Unique cultural and gastronomic experiences.","publisher":{"@id":"https:\/\/mtp-tours.com\/#organization"},"potentialAction":[{"@type":"SearchAction","target":{"@type":"EntryPoint","urlTemplate":"https:\/\/mtp-tours.com\/?s={search_term_string}"},"query-input":{"@type":"PropertyValueSpecification","valueRequired":true,"valueName":"search_term_string"}}],"inLanguage":"en-US"},{"@type":"Organization","@id":"https:\/\/mtp-tours.com\/#organization","name":"Meet the Portuguese","url":"https:\/\/mtp-tours.com\/","logo":{"@type":"ImageObject","inLanguage":"en-US","@id":"https:\/\/mtp-tours.com\/#\/schema\/logo\/image\/","url":"https:\/\/mtp-tours.com\/wp-content\/uploads\/2025\/11\/logo.png","contentUrl":"https:\/\/mtp-tours.com\/wp-content\/uploads\/2025\/11\/logo.png","width":600,"height":238,"caption":"Meet the Portuguese"},"image":{"@id":"https:\/\/mtp-tours.com\/#\/schema\/logo\/image\/"},"sameAs":["https:\/\/www.facebook.com\/mtptours\/","https:\/\/www.instagram.com\/mtptours","https:\/\/www.youtube.com\/@MeetthePortuguese","https:\/\/www.tiktok.com\/@mtptours","https:\/\/www.linkedin.com\/company\/mtp-tours\/"]}]}},"_links":{"self":[{"href":"https:\/\/mtp-tours.com\/en\/wp-json\/wp\/v2\/pages\/23699","targetHints":{"allow":["GET"]}}],"collection":[{"href":"https:\/\/mtp-tours.com\/en\/wp-json\/wp\/v2\/pages"}],"about":[{"href":"https:\/\/mtp-tours.com\/en\/wp-json\/wp\/v2\/types\/page"}],"author":[{"embeddable":true,"href":"https:\/\/mtp-tours.com\/en\/wp-json\/wp\/v2\/users\/1"}],"replies":[{"embeddable":true,"href":"https:\/\/mtp-tours.com\/en\/wp-json\/wp\/v2\/comments?post=23699"}],"version-history":[{"count":3,"href":"https:\/\/mtp-tours.com\/en\/wp-json\/wp\/v2\/pages\/23699\/revisions"}],"predecessor-version":[{"id":23703,"href":"https:\/\/mtp-tours.com\/en\/wp-json\/wp\/v2\/pages\/23699\/revisions\/23703"}],"wp:attachment":[{"href":"https:\/\/mtp-tours.com\/en\/wp-json\/wp\/v2\/media?parent=23699"}],"curies":[{"name":"wp","href":"https:\/\/api.w.org\/{rel}","templated":true}]}}